{"id":15,"date":"2024-10-30T09:37:57","date_gmt":"2024-10-30T09:37:57","guid":{"rendered":"https:\/\/miroalv.com\/?page_id=15"},"modified":"2024-12-02T12:35:10","modified_gmt":"2024-12-02T12:35:10","slug":"accesibilidad","status":"publish","type":"page","link":"https:\/\/miroalv.com\/en\/accesibilidad\/","title":{"rendered":"Accesibilidad"},"content":{"rendered":"<div data-elementor-type=\"wp-page\" data-elementor-id=\"15\" class=\"elementor elementor-15\" data-elementor-post-type=\"page\">\n\t\t\t\t<div class=\"elementor-element elementor-element-8628e7d e-flex e-con-boxed e-con e-parent\" data-id=\"8628e7d\" data-element_type=\"container\">\n\t\t\t\t\t<div class=\"e-con-inner\">\n\t\t\t\t<div class=\"elementor-element elementor-element-fffd214 elementor-widget elementor-widget-text-editor\" data-id=\"fffd214\" data-element_type=\"widget\" data-widget_type=\"text-editor.default\">\n\t\t\t\t<div class=\"elementor-widget-container\">\n\t\t\t\t\t\t\t\t\t<p dir=\"ltr\">En la construcci\u00f3n de la p\u00e1gina web de miroalv.com se han adoptado medidas con el objetivo de que el mayor n\u00famero posible de personas puedan llegar a la informaci\u00f3n que se transmite en ella, independientemente de las limitaciones de la persona o de las que se deriven del contexto de uso.<\/p><p dir=\"ltr\">As\u00ed, en la confecci\u00f3n del portal se han tenido en cuenta los siguientes aspectos:<\/p><ul><li dir=\"ltr\" aria-level=\"1\"><p dir=\"ltr\" role=\"presentation\">Uso de CSS para la presentaci\u00f3n de la informaci\u00f3n.<\/p><\/li><li dir=\"ltr\" aria-level=\"1\"><p dir=\"ltr\" role=\"presentation\">Etiquetas de marcaje.<\/p><\/li><li dir=\"ltr\" aria-level=\"1\"><p dir=\"ltr\" role=\"presentation\">Sistemas de navegaci\u00f3n usables, intuitivos y alternativos.<\/p><\/li><li dir=\"ltr\" aria-level=\"1\"><p dir=\"ltr\" role=\"presentation\">Descripciones alternativas en las im\u00e1genes.<\/p><\/li><li dir=\"ltr\" aria-level=\"1\"><p dir=\"ltr\" role=\"presentation\">Verificaciones en la visualizaci\u00f3n con diferentes navegadores y dispositivos.<\/p><\/li><li dir=\"ltr\" aria-level=\"1\"><p dir=\"ltr\" role=\"presentation\">Utilizaci\u00f3n de formatos universales y alternativos.<\/p><\/li><li dir=\"ltr\" aria-level=\"1\"><p dir=\"ltr\" role=\"presentation\">Los enlaces ofrecen detalles de la funci\u00f3n o destino del hiperv\u00ednculo.<\/p><\/li><li dir=\"ltr\" aria-level=\"1\"><p dir=\"ltr\" role=\"presentation\">Uso de los est\u00e1ndares del W3C.<\/p><\/li><li dir=\"ltr\" aria-level=\"1\"><p dir=\"ltr\" role=\"presentation\">Acceso mediante atajos teclado a las principales opciones.<\/p><\/li><\/ul><h3 dir=\"ltr\">Cumplimiento de los est\u00e1ndares<\/h3><p dir=\"ltr\">Las p\u00e1ginas de este sitio Web cumplen la marca AA seg\u00fan la Norma UNE 139803:2004 y las Directrices de Accesibilidad para el Contenido Web 1.0 del W3C. Todos los requisitos de Prioridad 1 y Prioridad 2 y un subconjunto de los requisitos de Prioridad 3 han sido comprobados con un an\u00e1lisis manual de la accesibilidad a trav\u00e9s de diferentes herramientas semi-autom\u00e1ticas y agentes de usuario.<\/p><h3 dir=\"ltr\">Atajos de teclado<\/h3><p dir=\"ltr\">En esta Web puede hacer saltos ordenados en el contenido con la tecla Tab.<\/p><h3 dir=\"ltr\">Tama\u00f1o del texto<\/h3><p dir=\"ltr\">El dise\u00f1o accesible permite que el usuario pueda ajustar las fuentes al tama\u00f1o que le convenga. Esta acci\u00f3n puede llevarse a cabo de diferentes maneras seg\u00fan el navegador web que se utilice. A continuaci\u00f3n se indica la acci\u00f3n de men\u00fa donde se encuentra esta funcionalidad en los navegadores m\u00e1s frecuentes:<\/p><ul><li dir=\"ltr\" aria-level=\"1\"><p dir=\"ltr\" role=\"presentation\">Mozilla Firefox: Ver &gt; Tama\u00f1o de texto &gt; Incrementar Internet<\/p><\/li><li dir=\"ltr\" aria-level=\"1\"><p dir=\"ltr\" role=\"presentation\">Internet Explorer: Ver &gt; Tama\u00f1o de texto &gt; M\u00e1s grande<\/p><\/li><li dir=\"ltr\" aria-level=\"1\"><p dir=\"ltr\" role=\"presentation\">Opera: View &gt; Zoom &gt; %<\/p><\/li><li dir=\"ltr\" aria-level=\"1\"><p dir=\"ltr\" role=\"presentation\">Safari: View &gt; Make text bigger<\/p><\/li><li dir=\"ltr\" aria-level=\"1\"><p dir=\"ltr\" role=\"presentation\">Google Chrome: Herramientas &gt; Zoom<\/p><\/li><\/ul><h3 dir=\"ltr\">Configuraci\u00f3n t\u00e9cnica<\/h3><p dir=\"ltr\">Las p\u00e1ginas web est\u00e1n creadas con el CMS WordPress actualizado a su \u00faltima versi\u00f3n.<\/p><h3 dir=\"ltr\">Informaci\u00f3n \u00fatil sobre la accesibilidad<\/h3><p dir=\"ltr\">Seguidamente se exponen una serie de enlaces organizados en diferentes categor\u00edas \u00fatiles para obtener m\u00e1s informaci\u00f3n sobre la accesibilidad.<\/p><h4 dir=\"ltr\">Accesibilidad normas y documentos t\u00e9cnicos:<\/h4><p dir=\"ltr\"><a href=\"http:\/\/www.w3c.org\/\">http:\/\/www.w3c.org\/<br \/><\/a>Consorcio World Wide Web, grupo de trabajo de \u00e1mbito internacional que dicta l\u00edneas generales relacionadas con la web.<\/p><p dir=\"ltr\"><a href=\"http:\/\/www.w3c.org\/wai\/\">http:\/\/www.w3c.org\/wai\/<br \/><\/a>Iniciativa de Accesibilidad Web del W3C.<\/p>\t\t\t\t\t\t\t\t<\/div>\n\t\t\t\t<\/div>\n\t\t\t\t\t<\/div>\n\t\t\t\t<\/div>\n\t\t\t\t<\/div>","protected":false},"excerpt":{"rendered":"<p>En la construcci\u00f3n de la p\u00e1gina web de miroalv.com se han adoptado medidas con el objetivo de que el mayor n\u00famero posible de personas puedan llegar a la informaci\u00f3n que se transmite en ella, independientemente de las limitaciones de la persona o de las que se deriven del contexto de uso. As\u00ed, en la confecci\u00f3n &#8230; <a title=\"Accesibilidad\" class=\"read-more\" href=\"https:\/\/miroalv.com\/en\/accesibilidad\/\" aria-label=\"Read more about Accesibilidad\">Read more<\/a><\/p>","protected":false},"author":1,"featured_media":0,"parent":0,"menu_order":0,"comment_status":"closed","ping_status":"closed","template":"","meta":{"footnotes":""},"class_list":["post-15","page","type-page","status-publish"],"yoast_head":"<!-- This site is optimized with the Yoast SEO plugin v23.8 - https:\/\/yoast.com\/wordpress\/plugins\/seo\/ -->\n<title>Accesibilidad - Miro Soluciones<\/title>\n<meta name=\"robots\" content=\"noindex, nofollow\" \/>\n<meta property=\"og:locale\" content=\"en_GB\" \/>\n<meta property=\"og:type\" content=\"article\" \/>\n<meta property=\"og:title\" content=\"Accesibilidad - Miro Soluciones\" \/>\n<meta property=\"og:description\" content=\"En la construcci\u00f3n de la p\u00e1gina web de miroalv.com se han adoptado medidas con el objetivo de que el mayor n\u00famero posible de personas puedan llegar a la informaci\u00f3n que se transmite en ella, independientemente de las limitaciones de la persona o de las que se deriven del contexto de uso. As\u00ed, en la confecci\u00f3n ... Read more\" \/>\n<meta property=\"og:url\" content=\"https:\/\/miroalv.com\/en\/accesibilidad\/\" \/>\n<meta property=\"og:site_name\" content=\"Miro Soluciones\" \/>\n<meta property=\"article:modified_time\" content=\"2024-12-02T12:35:10+00:00\" \/>\n<meta property=\"og:image\" content=\"https:\/\/miroalv.com\/wp-content\/uploads\/2024\/11\/logom2009_orange-e1731695763752.png\" \/>\n\t<meta property=\"og:image:width\" content=\"500\" \/>\n\t<meta property=\"og:image:height\" content=\"250\" \/>\n\t<meta property=\"og:image:type\" content=\"image\/png\" \/>\n<meta name=\"twitter:card\" content=\"summary_large_image\" \/>\n<meta name=\"twitter:label1\" content=\"Estimated reading time\" \/>\n\t<meta name=\"twitter:data1\" content=\"2 minutes\" \/>\n<script type=\"application\/ld+json\" class=\"yoast-schema-graph\">{\"@context\":\"https:\/\/schema.org\",\"@graph\":[{\"@type\":\"WebPage\",\"@id\":\"https:\/\/miroalv.com\/accesibilidad\/\",\"url\":\"https:\/\/miroalv.com\/accesibilidad\/\",\"name\":\"Accesibilidad - Miro Soluciones\",\"isPartOf\":{\"@id\":\"https:\/\/miroalv.com\/#website\"},\"datePublished\":\"2024-10-30T09:37:57+00:00\",\"dateModified\":\"2024-12-02T12:35:10+00:00\",\"breadcrumb\":{\"@id\":\"https:\/\/miroalv.com\/accesibilidad\/#breadcrumb\"},\"inLanguage\":\"en-GB\",\"potentialAction\":[{\"@type\":\"ReadAction\",\"target\":[\"https:\/\/miroalv.com\/accesibilidad\/\"]}]},{\"@type\":\"BreadcrumbList\",\"@id\":\"https:\/\/miroalv.com\/accesibilidad\/#breadcrumb\",\"itemListElement\":[{\"@type\":\"ListItem\",\"position\":1,\"name\":\"Portada\",\"item\":\"https:\/\/miroalv.com\/\"},{\"@type\":\"ListItem\",\"position\":2,\"name\":\"Accesibilidad\"}]},{\"@type\":\"WebSite\",\"@id\":\"https:\/\/miroalv.com\/#website\",\"url\":\"https:\/\/miroalv.com\/\",\"name\":\"Miro Soluciones\",\"description\":\"\",\"publisher\":{\"@id\":\"https:\/\/miroalv.com\/#organization\"},\"alternateName\":\"m2009\",\"potentialAction\":[{\"@type\":\"SearchAction\",\"target\":{\"@type\":\"EntryPoint\",\"urlTemplate\":\"https:\/\/miroalv.com\/?s={search_term_string}\"},\"query-input\":{\"@type\":\"PropertyValueSpecification\",\"valueRequired\":true,\"valueName\":\"search_term_string\"}}],\"inLanguage\":\"en-GB\"},{\"@type\":\"Organization\",\"@id\":\"https:\/\/miroalv.com\/#organization\",\"name\":\"Silvia Juan Grancha\",\"url\":\"https:\/\/miroalv.com\/\",\"logo\":{\"@type\":\"ImageObject\",\"inLanguage\":\"en-GB\",\"@id\":\"https:\/\/miroalv.com\/#\/schema\/logo\/image\/\",\"url\":\"https:\/\/miroalv.com\/wp-content\/uploads\/2024\/11\/logom2009_orange-e1731695763752.png\",\"contentUrl\":\"https:\/\/miroalv.com\/wp-content\/uploads\/2024\/11\/logom2009_orange-e1731695763752.png\",\"width\":500,\"height\":250,\"caption\":\"Silvia Juan Grancha\"},\"image\":{\"@id\":\"https:\/\/miroalv.com\/#\/schema\/logo\/image\/\"}}]}<\/script>\n<!-- \/ Yoast SEO plugin. -->","yoast_head_json":{"title":"Accesibilidad - Miro Soluciones","robots":{"index":"noindex","follow":"nofollow"},"og_locale":"en_GB","og_type":"article","og_title":"Accesibilidad - Miro Soluciones","og_description":"En la construcci\u00f3n de la p\u00e1gina web de miroalv.com se han adoptado medidas con el objetivo de que el mayor n\u00famero posible de personas puedan llegar a la informaci\u00f3n que se transmite en ella, independientemente de las limitaciones de la persona o de las que se deriven del contexto de uso. As\u00ed, en la confecci\u00f3n ... Read more","og_url":"https:\/\/miroalv.com\/en\/accesibilidad\/","og_site_name":"Miro Soluciones","article_modified_time":"2024-12-02T12:35:10+00:00","og_image":[{"width":500,"height":250,"url":"https:\/\/miroalv.com\/wp-content\/uploads\/2024\/11\/logom2009_orange-e1731695763752.png","type":"image\/png"}],"twitter_card":"summary_large_image","twitter_misc":{"Estimated reading time":"2 minutes"},"schema":{"@context":"https:\/\/schema.org","@graph":[{"@type":"WebPage","@id":"https:\/\/miroalv.com\/accesibilidad\/","url":"https:\/\/miroalv.com\/accesibilidad\/","name":"Accesibilidad - Miro Soluciones","isPartOf":{"@id":"https:\/\/miroalv.com\/#website"},"datePublished":"2024-10-30T09:37:57+00:00","dateModified":"2024-12-02T12:35:10+00:00","breadcrumb":{"@id":"https:\/\/miroalv.com\/accesibilidad\/#breadcrumb"},"inLanguage":"en-GB","potentialAction":[{"@type":"ReadAction","target":["https:\/\/miroalv.com\/accesibilidad\/"]}]},{"@type":"BreadcrumbList","@id":"https:\/\/miroalv.com\/accesibilidad\/#breadcrumb","itemListElement":[{"@type":"ListItem","position":1,"name":"Portada","item":"https:\/\/miroalv.com\/"},{"@type":"ListItem","position":2,"name":"Accesibilidad"}]},{"@type":"WebSite","@id":"https:\/\/miroalv.com\/#website","url":"https:\/\/miroalv.com\/","name":"Miro Soluciones","description":"","publisher":{"@id":"https:\/\/miroalv.com\/#organization"},"alternateName":"m2009","potentialAction":[{"@type":"SearchAction","target":{"@type":"EntryPoint","urlTemplate":"https:\/\/miroalv.com\/?s={search_term_string}"},"query-input":{"@type":"PropertyValueSpecification","valueRequired":true,"valueName":"search_term_string"}}],"inLanguage":"en-GB"},{"@type":"Organization","@id":"https:\/\/miroalv.com\/#organization","name":"Silvia Juan Grancha","url":"https:\/\/miroalv.com\/","logo":{"@type":"ImageObject","inLanguage":"en-GB","@id":"https:\/\/miroalv.com\/#\/schema\/logo\/image\/","url":"https:\/\/miroalv.com\/wp-content\/uploads\/2024\/11\/logom2009_orange-e1731695763752.png","contentUrl":"https:\/\/miroalv.com\/wp-content\/uploads\/2024\/11\/logom2009_orange-e1731695763752.png","width":500,"height":250,"caption":"Silvia Juan Grancha"},"image":{"@id":"https:\/\/miroalv.com\/#\/schema\/logo\/image\/"}}]}},"_links":{"self":[{"href":"https:\/\/miroalv.com\/en\/wp-json\/wp\/v2\/pages\/15","targetHints":{"allow":["GET"]}}],"collection":[{"href":"https:\/\/miroalv.com\/en\/wp-json\/wp\/v2\/pages"}],"about":[{"href":"https:\/\/miroalv.com\/en\/wp-json\/wp\/v2\/types\/page"}],"author":[{"embeddable":true,"href":"https:\/\/miroalv.com\/en\/wp-json\/wp\/v2\/users\/1"}],"replies":[{"embeddable":true,"href":"https:\/\/miroalv.com\/en\/wp-json\/wp\/v2\/comments?post=15"}],"version-history":[{"count":7,"href":"https:\/\/miroalv.com\/en\/wp-json\/wp\/v2\/pages\/15\/revisions"}],"predecessor-version":[{"id":261,"href":"https:\/\/miroalv.com\/en\/wp-json\/wp\/v2\/pages\/15\/revisions\/261"}],"wp:attachment":[{"href":"https:\/\/miroalv.com\/en\/wp-json\/wp\/v2\/media?parent=15"}],"curies":[{"name":"wp","href":"https:\/\/api.w.org\/{rel}","templated":true}]}}