{"id":19,"date":"2024-10-30T09:38:41","date_gmt":"2024-10-30T09:38:41","guid":{"rendered":"https:\/\/miroalv.com\/?page_id=19"},"modified":"2024-12-02T12:34:27","modified_gmt":"2024-12-02T12:34:27","slug":"conocenos","status":"publish","type":"page","link":"https:\/\/miroalv.com\/en\/conocenos\/","title":{"rendered":"Con\u00f3cenos"},"content":{"rendered":"<div data-elementor-type=\"wp-page\" data-elementor-id=\"19\" class=\"elementor elementor-19\" data-elementor-post-type=\"page\">\n\t\t\t\t\t\t<section class=\"elementor-section elementor-top-section elementor-element elementor-element-5707f53d elementor-section-boxed elementor-section-height-default elementor-section-height-default\" data-id=\"5707f53d\" data-element_type=\"section\" data-settings=\"{&quot;background_background&quot;:&quot;classic&quot;}\">\n\t\t\t\t\t\t\t<div class=\"elementor-background-overlay\"><\/div>\n\t\t\t\t\t\t\t<div class=\"elementor-container elementor-column-gap-default\">\n\t\t\t\t\t<div class=\"elementor-column elementor-col-100 elementor-top-column elementor-element elementor-element-20df69c2\" data-id=\"20df69c2\" data-element_type=\"column\">\n\t\t\t<div class=\"elementor-widget-wrap elementor-element-populated\">\n\t\t\t\t\t\t<div class=\"elementor-element elementor-element-60ee0efc elementor-widget elementor-widget-heading\" data-id=\"60ee0efc\" data-element_type=\"widget\" data-widget_type=\"heading.default\">\n\t\t\t\t<div class=\"elementor-widget-container\">\n\t\t\t\t\t<h1 class=\"elementor-heading-title elementor-size-default\">Conocenos!<\/h1>\t\t\t\t<\/div>\n\t\t\t\t<\/div>\n\t\t\t\t<div class=\"elementor-element elementor-element-558888b6 elementor-widget elementor-widget-text-editor\" data-id=\"558888b6\" data-element_type=\"widget\" data-widget_type=\"text-editor.default\">\n\t\t\t\t<div class=\"elementor-widget-container\">\n\t\t\t\t\t\t\t\t\t<p>Conoce nuestra historia<\/p>\t\t\t\t\t\t\t\t<\/div>\n\t\t\t\t<\/div>\n\t\t\t\t\t<\/div>\n\t\t<\/div>\n\t\t\t\t\t<\/div>\n\t\t<\/section>\n\t\t\t\t<section class=\"elementor-section elementor-top-section elementor-element elementor-element-5bdd44c0 elementor-section-boxed elementor-section-height-default elementor-section-height-default\" data-id=\"5bdd44c0\" data-element_type=\"section\">\n\t\t\t\t\t\t<div class=\"elementor-container elementor-column-gap-default\">\n\t\t\t\t\t<div class=\"elementor-column elementor-col-100 elementor-top-column elementor-element elementor-element-e01b9ca\" data-id=\"e01b9ca\" data-element_type=\"column\">\n\t\t\t<div class=\"elementor-widget-wrap elementor-element-populated\">\n\t\t\t\t\t\t<div class=\"elementor-element elementor-element-20ea02f4 elementor-widget elementor-widget-heading\" data-id=\"20ea02f4\" data-element_type=\"widget\" data-widget_type=\"heading.default\">\n\t\t\t\t<div class=\"elementor-widget-container\">\n\t\t\t\t\t<h2 class=\"elementor-heading-title elementor-size-default\">\u00bfQuienes somos?<\/h2>\t\t\t\t<\/div>\n\t\t\t\t<\/div>\n\t\t\t\t<div class=\"elementor-element elementor-element-09471bb elementor-widget elementor-widget-text-editor\" data-id=\"09471bb\" data-element_type=\"widget\" data-widget_type=\"text-editor.default\">\n\t\t\t\t<div class=\"elementor-widget-container\">\n\t\t\t\t\t\t\t\t\t<p>En <strong>Miro Soluciones<\/strong>, somos una empresa comprometida con liderar la evoluci\u00f3n tecnol\u00f3gica de nuestros clientes, brindando herramientas y servicios dise\u00f1ados para potenciar sus negocios en un entorno digital en constante cambio. Nos especializamos en ofrecer soluciones innovadoras y personalizadas que transforman procesos, optimizan recursos y generan valor estrat\u00e9gico para cada organizaci\u00f3n.<\/p><p>Nuestro equipo est\u00e1 formado por profesionales apasionados por la tecnolog\u00eda y expertos en diversas \u00e1reas, lo que nos permite abordar proyectos de diferentes industrias con una perspectiva integral y soluciones a la medida. Creemos que la tecnolog\u00eda no es solo un recurso, sino una oportunidad para alcanzar nuevos niveles de eficiencia, productividad y competitividad.<\/p><p>Desde nuestros inicios, hemos construido relaciones basadas en la confianza, el compromiso y los resultados. Nuestra misi\u00f3n es convertirnos en un socio estrat\u00e9gico para nuestros clientes, acompa\u00f1\u00e1ndolos en cada paso de su viaje hacia la transformaci\u00f3n digital.<\/p><p>En <strong>Miro Soluciones<\/strong>, combinamos innovaci\u00f3n, conocimiento t\u00e9cnico y un enfoque centrado en el cliente para garantizar que cada soluci\u00f3n que entregamos supere las expectativas. M\u00e1s que una empresa de tecnolog\u00eda, somos un equipo dedicado a construir el futuro de los negocios.<\/p>\t\t\t\t\t\t\t\t<\/div>\n\t\t\t\t<\/div>\n\t\t\t\t<div class=\"elementor-element elementor-element-881208e elementor-widget elementor-widget-heading\" data-id=\"881208e\" data-element_type=\"widget\" data-widget_type=\"heading.default\">\n\t\t\t\t<div class=\"elementor-widget-container\">\n\t\t\t\t\t<h4 class=\"elementor-heading-title elementor-size-default\">\u00bfPor Qu\u00e9 Elegirme?<\/h4>\t\t\t\t<\/div>\n\t\t\t\t<\/div>\n\t\t\t\t<div class=\"elementor-element elementor-element-d6d25db elementor-icon-list--layout-traditional elementor-list-item-link-full_width elementor-widget elementor-widget-icon-list\" data-id=\"d6d25db\" data-element_type=\"widget\" data-widget_type=\"icon-list.default\">\n\t\t\t\t<div class=\"elementor-widget-container\">\n\t\t\t\t\t\t\t<ul class=\"elementor-icon-list-items\">\n\t\t\t\t\t\t\t<li class=\"elementor-icon-list-item\">\n\t\t\t\t\t\t\t\t\t\t\t<span class=\"elementor-icon-list-icon\">\n\t\t\t\t\t\t\t<svg aria-hidden=\"true\" class=\"e-font-icon-svg e-fas-check-circle\" viewbox=\"0 0 512 512\" xmlns=\"http:\/\/www.w3.org\/2000\/svg\"><path d=\"M504 256c0 136.967-111.033 248-248 248S8 392.967 8 256 119.033 8 256 8s248 111.033 248 248zM227.314 387.314l184-184c6.248-6.248 6.248-16.379 0-22.627l-22.627-22.627c-6.248-6.249-16.379-6.249-22.628 0L216 308.118l-70.059-70.059c-6.248-6.248-16.379-6.248-22.628 0l-22.627 22.627c-6.248 6.248-6.248 16.379 0 22.627l104 104c6.249 6.249 16.379 6.249 22.628.001z\"><\/path><\/svg>\t\t\t\t\t\t<\/span>\n\t\t\t\t\t\t\t\t\t\t<span class=\"elementor-icon-list-text\">Experiencia<\/span>\n\t\t\t\t\t\t\t\t\t<\/li>\n\t\t\t\t\t\t\t\t<li class=\"elementor-icon-list-item\">\n\t\t\t\t\t\t\t\t\t\t\t<span class=\"elementor-icon-list-icon\">\n\t\t\t\t\t\t\t<svg aria-hidden=\"true\" class=\"e-font-icon-svg e-fas-check-circle\" viewbox=\"0 0 512 512\" xmlns=\"http:\/\/www.w3.org\/2000\/svg\"><path d=\"M504 256c0 136.967-111.033 248-248 248S8 392.967 8 256 119.033 8 256 8s248 111.033 248 248zM227.314 387.314l184-184c6.248-6.248 6.248-16.379 0-22.627l-22.627-22.627c-6.248-6.249-16.379-6.249-22.628 0L216 308.118l-70.059-70.059c-6.248-6.248-16.379-6.248-22.628 0l-22.627 22.627c-6.248 6.248-6.248 16.379 0 22.627l104 104c6.249 6.249 16.379 6.249 22.628.001z\"><\/path><\/svg>\t\t\t\t\t\t<\/span>\n\t\t\t\t\t\t\t\t\t\t<span class=\"elementor-icon-list-text\">Atenci\u00f3n Personalizada<\/span>\n\t\t\t\t\t\t\t\t\t<\/li>\n\t\t\t\t\t\t\t\t<li class=\"elementor-icon-list-item\">\n\t\t\t\t\t\t\t\t\t\t\t<span class=\"elementor-icon-list-icon\">\n\t\t\t\t\t\t\t<svg aria-hidden=\"true\" class=\"e-font-icon-svg e-fas-check-circle\" viewbox=\"0 0 512 512\" xmlns=\"http:\/\/www.w3.org\/2000\/svg\"><path d=\"M504 256c0 136.967-111.033 248-248 248S8 392.967 8 256 119.033 8 256 8s248 111.033 248 248zM227.314 387.314l184-184c6.248-6.248 6.248-16.379 0-22.627l-22.627-22.627c-6.248-6.249-16.379-6.249-22.628 0L216 308.118l-70.059-70.059c-6.248-6.248-16.379-6.248-22.628 0l-22.627 22.627c-6.248 6.248-6.248 16.379 0 22.627l104 104c6.249 6.249 16.379 6.249 22.628.001z\"><\/path><\/svg>\t\t\t\t\t\t<\/span>\n\t\t\t\t\t\t\t\t\t\t<span class=\"elementor-icon-list-text\">Compromiso y Responsabilidad<\/span>\n\t\t\t\t\t\t\t\t\t<\/li>\n\t\t\t\t\t\t<\/ul>\n\t\t\t\t\t\t<\/div>\n\t\t\t\t<\/div>\n\t\t\t\t\t<\/div>\n\t\t<\/div>\n\t\t\t\t\t<\/div>\n\t\t<\/section>\n\t\t\t\t<section class=\"elementor-section elementor-top-section elementor-element elementor-element-3c2f74da elementor-section-boxed elementor-section-height-default elementor-section-height-default\" data-id=\"3c2f74da\" data-element_type=\"section\">\n\t\t\t\t\t\t<div class=\"elementor-container elementor-column-gap-default\">\n\t\t\t\t\t<div class=\"elementor-column elementor-col-100 elementor-top-column elementor-element elementor-element-2dcebcd8\" data-id=\"2dcebcd8\" data-element_type=\"column\">\n\t\t\t<div class=\"elementor-widget-wrap elementor-element-populated\">\n\t\t\t\t\t\t<div class=\"elementor-element elementor-element-76cd9b98 elementor-arrows-position-inside elementor-pagination-position-outside elementor-widget elementor-widget-image-carousel\" data-id=\"76cd9b98\" data-element_type=\"widget\" data-settings=\"{&quot;slides_to_show&quot;:&quot;3&quot;,&quot;slides_to_scroll&quot;:&quot;1&quot;,&quot;navigation&quot;:&quot;both&quot;,&quot;autoplay&quot;:&quot;yes&quot;,&quot;pause_on_hover&quot;:&quot;yes&quot;,&quot;pause_on_interaction&quot;:&quot;yes&quot;,&quot;autoplay_speed&quot;:5000,&quot;infinite&quot;:&quot;yes&quot;,&quot;speed&quot;:500,&quot;image_spacing_custom&quot;:{&quot;unit&quot;:&quot;px&quot;,&quot;size&quot;:20,&quot;sizes&quot;:[]},&quot;image_spacing_custom_tablet&quot;:{&quot;unit&quot;:&quot;px&quot;,&quot;size&quot;:&quot;&quot;,&quot;sizes&quot;:[]},&quot;image_spacing_custom_mobile&quot;:{&quot;unit&quot;:&quot;px&quot;,&quot;size&quot;:&quot;&quot;,&quot;sizes&quot;:[]}}\" data-widget_type=\"image-carousel.default\">\n\t\t\t\t<div class=\"elementor-widget-container\">\n\t\t\t\t\t\t\t<div class=\"elementor-image-carousel-wrapper swiper\" role=\"region\" aria-roledescription=\"carousel\" aria-label=\"Image Carousel\" dir=\"ltr\">\n\t\t\t<div class=\"elementor-image-carousel swiper-wrapper\" aria-live=\"off\">\n\t\t\t\t\t\t\t\t<div class=\"swiper-slide\" role=\"group\" aria-roledescription=\"slide\" aria-label=\"1 of 4\" data-no-translation-aria-label=\"\"><figure class=\"swiper-slide-inner\"><img decoding=\"async\" class=\"swiper-slide-image\" src=\"https:\/\/miroalv.com\/wp-content\/uploads\/2024\/12\/programming-background-with-person-working-with-codes-computer.jpg\" alt=\"programming-background-with-person-working-with-codes-computer\" \/><\/figure><\/div><div class=\"swiper-slide\" role=\"group\" aria-roledescription=\"slide\" aria-label=\"2 of 4\" data-no-translation-aria-label=\"\"><figure class=\"swiper-slide-inner\"><img decoding=\"async\" class=\"swiper-slide-image\" src=\"https:\/\/miroalv.com\/wp-content\/uploads\/2024\/11\/standard-quality-control-concept-m.jpg\" alt=\"standard-quality-control-concept-m\" \/><\/figure><\/div><div class=\"swiper-slide\" role=\"group\" aria-roledescription=\"slide\" aria-label=\"3 of 4\" data-no-translation-aria-label=\"\"><figure class=\"swiper-slide-inner\"><img decoding=\"async\" class=\"swiper-slide-image\" src=\"https:\/\/miroalv.com\/wp-content\/uploads\/2024\/11\/person-working-html-computer.jpg\" alt=\"person-working-html-computer\" \/><\/figure><\/div><div class=\"swiper-slide\" role=\"group\" aria-roledescription=\"slide\" aria-label=\"4 of 4\" data-no-translation-aria-label=\"\"><figure class=\"swiper-slide-inner\"><img decoding=\"async\" class=\"swiper-slide-image\" src=\"https:\/\/miroalv.com\/wp-content\/uploads\/2024\/11\/man-touching-virtual-screen-futuristic-technology-digital-remix.jpg\" alt=\"Man touching a virtual screen futuristic technology digital remix\" \/><\/figure><\/div>\t\t\t<\/div>\n\t\t\t\t\t\t\t\t\t\t\t\t<div class=\"elementor-swiper-button elementor-swiper-button-prev\" role=\"button\" tabindex=\"0\">\n\t\t\t\t\t\t<svg aria-hidden=\"true\" class=\"e-font-icon-svg e-eicon-chevron-left\" viewbox=\"0 0 1000 1000\" xmlns=\"http:\/\/www.w3.org\/2000\/svg\"><path d=\"M646 125C629 125 613 133 604 142L308 442C296 454 292 471 292 487 292 504 296 521 308 533L604 854C617 867 629 875 646 875 663 875 679 871 692 858 704 846 713 829 713 812 713 796 708 779 692 767L438 487 692 225C700 217 708 204 708 187 708 171 704 154 692 142 675 129 663 125 646 125Z\"><\/path><\/svg>\t\t\t\t\t<\/div>\n\t\t\t\t\t<div class=\"elementor-swiper-button elementor-swiper-button-next\" role=\"button\" tabindex=\"0\">\n\t\t\t\t\t\t<svg aria-hidden=\"true\" class=\"e-font-icon-svg e-eicon-chevron-right\" viewbox=\"0 0 1000 1000\" xmlns=\"http:\/\/www.w3.org\/2000\/svg\"><path d=\"M696 533C708 521 713 504 713 487 713 471 708 454 696 446L400 146C388 133 375 125 354 125 338 125 325 129 313 142 300 154 292 171 292 187 292 204 296 221 308 233L563 492 304 771C292 783 288 800 288 817 288 833 296 850 308 863 321 871 338 875 354 875 371 875 388 867 400 854L696 533Z\"><\/path><\/svg>\t\t\t\t\t<\/div>\n\t\t\t\t\n\t\t\t\t\t\t\t\t\t<div class=\"swiper-pagination\"><\/div>\n\t\t\t\t\t\t\t\t\t<\/div>\n\t\t\t\t\t\t<\/div>\n\t\t\t\t<\/div>\n\t\t\t\t\t<\/div>\n\t\t<\/div>\n\t\t\t\t\t<\/div>\n\t\t<\/section>\n\t\t\t\t<section class=\"elementor-section elementor-top-section elementor-element elementor-element-72f5bd90 elementor-section-boxed elementor-section-height-default elementor-section-height-default\" data-id=\"72f5bd90\" data-element_type=\"section\" data-settings=\"{&quot;background_background&quot;:&quot;classic&quot;}\">\n\t\t\t\t\t\t\t<div class=\"elementor-background-overlay\"><\/div>\n\t\t\t\t\t\t\t<div class=\"elementor-container elementor-column-gap-default\">\n\t\t\t\t\t<div class=\"elementor-column elementor-col-50 elementor-top-column elementor-element elementor-element-4cf30bca\" data-id=\"4cf30bca\" data-element_type=\"column\">\n\t\t\t<div class=\"elementor-widget-wrap elementor-element-populated\">\n\t\t\t\t\t\t<section class=\"elementor-section elementor-inner-section elementor-element elementor-element-3ebf1b93 elementor-section-boxed elementor-section-height-default elementor-section-height-default\" data-id=\"3ebf1b93\" data-element_type=\"section\">\n\t\t\t\t\t\t<div class=\"elementor-container elementor-column-gap-default\">\n\t\t\t\t\t<div class=\"elementor-column elementor-col-50 elementor-inner-column elementor-element elementor-element-7b7df695\" data-id=\"7b7df695\" data-element_type=\"column\">\n\t\t\t<div class=\"elementor-widget-wrap\">\n\t\t\t\t\t\t\t<\/div>\n\t\t<\/div>\n\t\t\t\t<div class=\"elementor-column elementor-col-50 elementor-inner-column elementor-element elementor-element-469ed8ad\" data-id=\"469ed8ad\" data-element_type=\"column\">\n\t\t\t<div class=\"elementor-widget-wrap\">\n\t\t\t\t\t\t\t<\/div>\n\t\t<\/div>\n\t\t\t\t\t<\/div>\n\t\t<\/section>\n\t\t\t\t<section class=\"elementor-section elementor-inner-section elementor-element elementor-element-67a8b9d8 elementor-section-boxed elementor-section-height-default elementor-section-height-default\" data-id=\"67a8b9d8\" data-element_type=\"section\">\n\t\t\t\t\t\t<div class=\"elementor-container elementor-column-gap-default\">\n\t\t\t\t\t<div class=\"elementor-column elementor-col-50 elementor-inner-column elementor-element elementor-element-143a4a90\" data-id=\"143a4a90\" data-element_type=\"column\">\n\t\t\t<div class=\"elementor-widget-wrap\">\n\t\t\t\t\t\t\t<\/div>\n\t\t<\/div>\n\t\t\t\t<div class=\"elementor-column elementor-col-50 elementor-inner-column elementor-element elementor-element-3292e25f\" data-id=\"3292e25f\" data-element_type=\"column\">\n\t\t\t<div class=\"elementor-widget-wrap\">\n\t\t\t\t\t\t\t<\/div>\n\t\t<\/div>\n\t\t\t\t\t<\/div>\n\t\t<\/section>\n\t\t\t\t\t<\/div>\n\t\t<\/div>\n\t\t\t\t<div class=\"elementor-column elementor-col-50 elementor-top-column elementor-element elementor-element-152f604\" data-id=\"152f604\" data-element_type=\"column\">\n\t\t\t<div class=\"elementor-widget-wrap elementor-element-populated\">\n\t\t\t\t\t\t<div class=\"elementor-element elementor-element-3d86c766 elementor-widget elementor-widget-heading\" data-id=\"3d86c766\" data-element_type=\"widget\" data-widget_type=\"heading.default\">\n\t\t\t\t<div class=\"elementor-widget-container\">\n\t\t\t\t\t<h3 class=\"elementor-heading-title elementor-size-default\">\u00bfHablamos?<\/h3>\t\t\t\t<\/div>\n\t\t\t\t<\/div>\n\t\t\t\t<div class=\"elementor-element elementor-element-82ee84a elementor-widget elementor-widget-text-editor\" data-id=\"82ee84a\" data-element_type=\"widget\" data-widget_type=\"text-editor.default\">\n\t\t\t\t<div class=\"elementor-widget-container\">\n\t\t\t\t\t\t\t\t\t<p>Si buscas a alguien que se encargue de solucionar tus problemas tecnol\u00f3gicos, estoy aqu\u00ed para ayudarte. Contacta conmigo y juntos encontraremos la mejor soluci\u00f3n.<\/p>\t\t\t\t\t\t\t\t<\/div>\n\t\t\t\t<\/div>\n\t\t\t\t<div class=\"elementor-element elementor-element-8b17369 elementor-align-left elementor-mobile-align-center elementor-widget elementor-widget-button\" data-id=\"8b17369\" data-element_type=\"widget\" data-widget_type=\"button.default\">\n\t\t\t\t<div class=\"elementor-widget-container\">\n\t\t\t\t\t\t\t\t\t<div class=\"elementor-button-wrapper\">\n\t\t\t\t\t<a class=\"elementor-button elementor-button-link elementor-size-md elementor-animation-shrink\" href=\"https:\/\/miroalv.com\/en\/contacto\/\">\n\t\t\t\t\t\t<span class=\"elementor-button-content-wrapper\">\n\t\t\t\t\t\t\t\t\t<span class=\"elementor-button-text\">Contactar<\/span>\n\t\t\t\t\t<\/span>\n\t\t\t\t\t<\/a>\n\t\t\t\t<\/div>\n\t\t\t\t\t\t\t\t<\/div>\n\t\t\t\t<\/div>\n\t\t\t\t\t<\/div>\n\t\t<\/div>\n\t\t\t\t\t<\/div>\n\t\t<\/section>\n\t\t\t\t<\/div>","protected":false},"excerpt":{"rendered":"<p>Conocenos! Conoce nuestra historia \u00bfQuienes somos? En Miro Soluciones, somos una empresa comprometida con liderar la evoluci\u00f3n tecnol\u00f3gica de nuestros clientes, brindando herramientas y servicios dise\u00f1ados para potenciar sus negocios en un entorno digital en constante cambio. Nos especializamos en ofrecer soluciones innovadoras y personalizadas que transforman procesos, optimizan recursos y generan valor estrat\u00e9gico para &#8230; <a title=\"Con\u00f3cenos\" class=\"read-more\" href=\"https:\/\/miroalv.com\/en\/conocenos\/\" aria-label=\"Read more about Con\u00f3cenos\">Read more<\/a><\/p>","protected":false},"author":1,"featured_media":0,"parent":0,"menu_order":0,"comment_status":"closed","ping_status":"closed","template":"","meta":{"footnotes":""},"class_list":["post-19","page","type-page","status-publish"],"yoast_head":"<!-- This site is optimized with the Yoast SEO plugin v23.8 - https:\/\/yoast.com\/wordpress\/plugins\/seo\/ -->\n<title>Con\u00f3cenos - Miro Soluciones<\/title>\n<meta name=\"robots\" content=\"index, follow, max-snippet:-1, max-image-preview:large, max-video-preview:-1\" \/>\n<link rel=\"canonical\" href=\"https:\/\/miroalv.com\/en\/conocenos\/\" \/>\n<meta property=\"og:locale\" content=\"en_GB\" \/>\n<meta property=\"og:type\" content=\"article\" \/>\n<meta property=\"og:title\" content=\"Con\u00f3cenos - Miro Soluciones\" \/>\n<meta property=\"og:description\" content=\"Conocenos! Conoce nuestra historia \u00bfQuienes somos? En Miro Soluciones, somos una empresa comprometida con liderar la evoluci\u00f3n tecnol\u00f3gica de nuestros clientes, brindando herramientas y servicios dise\u00f1ados para potenciar sus negocios en un entorno digital en constante cambio. Nos especializamos en ofrecer soluciones innovadoras y personalizadas que transforman procesos, optimizan recursos y generan valor estrat\u00e9gico para ... Read more\" \/>\n<meta property=\"og:url\" content=\"https:\/\/miroalv.com\/en\/conocenos\/\" \/>\n<meta property=\"og:site_name\" content=\"Miro Soluciones\" \/>\n<meta property=\"article:modified_time\" content=\"2024-12-02T12:34:27+00:00\" \/>\n<meta property=\"og:image\" content=\"https:\/\/miroalv.com\/wp-content\/uploads\/2024\/12\/programming-background-with-person-working-with-codes-computer.jpg\" \/>\n<meta name=\"twitter:card\" content=\"summary_large_image\" \/>\n<meta name=\"twitter:label1\" content=\"Estimated reading time\" \/>\n\t<meta name=\"twitter:data1\" content=\"4 minutes\" \/>\n<script type=\"application\/ld+json\" class=\"yoast-schema-graph\">{\"@context\":\"https:\/\/schema.org\",\"@graph\":[{\"@type\":\"WebPage\",\"@id\":\"https:\/\/miroalv.com\/conocenos\/\",\"url\":\"https:\/\/miroalv.com\/conocenos\/\",\"name\":\"Con\u00f3cenos - Miro Soluciones\",\"isPartOf\":{\"@id\":\"https:\/\/miroalv.com\/#website\"},\"primaryImageOfPage\":{\"@id\":\"https:\/\/miroalv.com\/conocenos\/#primaryimage\"},\"image\":{\"@id\":\"https:\/\/miroalv.com\/conocenos\/#primaryimage\"},\"thumbnailUrl\":\"https:\/\/miroalv.com\/wp-content\/uploads\/2024\/12\/programming-background-with-person-working-with-codes-computer.jpg\",\"datePublished\":\"2024-10-30T09:38:41+00:00\",\"dateModified\":\"2024-12-02T12:34:27+00:00\",\"breadcrumb\":{\"@id\":\"https:\/\/miroalv.com\/conocenos\/#breadcrumb\"},\"inLanguage\":\"en-GB\",\"potentialAction\":[{\"@type\":\"ReadAction\",\"target\":[\"https:\/\/miroalv.com\/conocenos\/\"]}]},{\"@type\":\"ImageObject\",\"inLanguage\":\"en-GB\",\"@id\":\"https:\/\/miroalv.com\/conocenos\/#primaryimage\",\"url\":\"https:\/\/miroalv.com\/wp-content\/uploads\/2024\/12\/programming-background-with-person-working-with-codes-computer.jpg\",\"contentUrl\":\"https:\/\/miroalv.com\/wp-content\/uploads\/2024\/12\/programming-background-with-person-working-with-codes-computer.jpg\"},{\"@type\":\"BreadcrumbList\",\"@id\":\"https:\/\/miroalv.com\/conocenos\/#breadcrumb\",\"itemListElement\":[{\"@type\":\"ListItem\",\"position\":1,\"name\":\"Portada\",\"item\":\"https:\/\/miroalv.com\/\"},{\"@type\":\"ListItem\",\"position\":2,\"name\":\"Con\u00f3cenos\"}]},{\"@type\":\"WebSite\",\"@id\":\"https:\/\/miroalv.com\/#website\",\"url\":\"https:\/\/miroalv.com\/\",\"name\":\"Miro Soluciones\",\"description\":\"\",\"publisher\":{\"@id\":\"https:\/\/miroalv.com\/#organization\"},\"alternateName\":\"m2009\",\"potentialAction\":[{\"@type\":\"SearchAction\",\"target\":{\"@type\":\"EntryPoint\",\"urlTemplate\":\"https:\/\/miroalv.com\/?s={search_term_string}\"},\"query-input\":{\"@type\":\"PropertyValueSpecification\",\"valueRequired\":true,\"valueName\":\"search_term_string\"}}],\"inLanguage\":\"en-GB\"},{\"@type\":\"Organization\",\"@id\":\"https:\/\/miroalv.com\/#organization\",\"name\":\"Silvia Juan Grancha\",\"url\":\"https:\/\/miroalv.com\/\",\"logo\":{\"@type\":\"ImageObject\",\"inLanguage\":\"en-GB\",\"@id\":\"https:\/\/miroalv.com\/#\/schema\/logo\/image\/\",\"url\":\"https:\/\/miroalv.com\/wp-content\/uploads\/2024\/11\/logom2009_orange-e1731695763752.png\",\"contentUrl\":\"https:\/\/miroalv.com\/wp-content\/uploads\/2024\/11\/logom2009_orange-e1731695763752.png\",\"width\":500,\"height\":250,\"caption\":\"Silvia Juan Grancha\"},\"image\":{\"@id\":\"https:\/\/miroalv.com\/#\/schema\/logo\/image\/\"}}]}<\/script>\n<!-- \/ Yoast SEO plugin. -->","yoast_head_json":{"title":"Con\u00f3cenos - Miro Soluciones","robots":{"index":"index","follow":"follow","max-snippet":"max-snippet:-1","max-image-preview":"max-image-preview:large","max-video-preview":"max-video-preview:-1"},"canonical":"https:\/\/miroalv.com\/en\/conocenos\/","og_locale":"en_GB","og_type":"article","og_title":"Con\u00f3cenos - Miro Soluciones","og_description":"Conocenos! Conoce nuestra historia \u00bfQuienes somos? En Miro Soluciones, somos una empresa comprometida con liderar la evoluci\u00f3n tecnol\u00f3gica de nuestros clientes, brindando herramientas y servicios dise\u00f1ados para potenciar sus negocios en un entorno digital en constante cambio. Nos especializamos en ofrecer soluciones innovadoras y personalizadas que transforman procesos, optimizan recursos y generan valor estrat\u00e9gico para ... Read more","og_url":"https:\/\/miroalv.com\/en\/conocenos\/","og_site_name":"Miro Soluciones","article_modified_time":"2024-12-02T12:34:27+00:00","og_image":[{"url":"https:\/\/miroalv.com\/wp-content\/uploads\/2024\/12\/programming-background-with-person-working-with-codes-computer.jpg"}],"twitter_card":"summary_large_image","twitter_misc":{"Estimated reading time":"4 minutes"},"schema":{"@context":"https:\/\/schema.org","@graph":[{"@type":"WebPage","@id":"https:\/\/miroalv.com\/conocenos\/","url":"https:\/\/miroalv.com\/conocenos\/","name":"Con\u00f3cenos - Miro Soluciones","isPartOf":{"@id":"https:\/\/miroalv.com\/#website"},"primaryImageOfPage":{"@id":"https:\/\/miroalv.com\/conocenos\/#primaryimage"},"image":{"@id":"https:\/\/miroalv.com\/conocenos\/#primaryimage"},"thumbnailUrl":"https:\/\/miroalv.com\/wp-content\/uploads\/2024\/12\/programming-background-with-person-working-with-codes-computer.jpg","datePublished":"2024-10-30T09:38:41+00:00","dateModified":"2024-12-02T12:34:27+00:00","breadcrumb":{"@id":"https:\/\/miroalv.com\/conocenos\/#breadcrumb"},"inLanguage":"en-GB","potentialAction":[{"@type":"ReadAction","target":["https:\/\/miroalv.com\/conocenos\/"]}]},{"@type":"ImageObject","inLanguage":"en-GB","@id":"https:\/\/miroalv.com\/conocenos\/#primaryimage","url":"https:\/\/miroalv.com\/wp-content\/uploads\/2024\/12\/programming-background-with-person-working-with-codes-computer.jpg","contentUrl":"https:\/\/miroalv.com\/wp-content\/uploads\/2024\/12\/programming-background-with-person-working-with-codes-computer.jpg"},{"@type":"BreadcrumbList","@id":"https:\/\/miroalv.com\/conocenos\/#breadcrumb","itemListElement":[{"@type":"ListItem","position":1,"name":"Portada","item":"https:\/\/miroalv.com\/"},{"@type":"ListItem","position":2,"name":"Con\u00f3cenos"}]},{"@type":"WebSite","@id":"https:\/\/miroalv.com\/#website","url":"https:\/\/miroalv.com\/","name":"Miro Soluciones","description":"","publisher":{"@id":"https:\/\/miroalv.com\/#organization"},"alternateName":"m2009","potentialAction":[{"@type":"SearchAction","target":{"@type":"EntryPoint","urlTemplate":"https:\/\/miroalv.com\/?s={search_term_string}"},"query-input":{"@type":"PropertyValueSpecification","valueRequired":true,"valueName":"search_term_string"}}],"inLanguage":"en-GB"},{"@type":"Organization","@id":"https:\/\/miroalv.com\/#organization","name":"Silvia Juan Grancha","url":"https:\/\/miroalv.com\/","logo":{"@type":"ImageObject","inLanguage":"en-GB","@id":"https:\/\/miroalv.com\/#\/schema\/logo\/image\/","url":"https:\/\/miroalv.com\/wp-content\/uploads\/2024\/11\/logom2009_orange-e1731695763752.png","contentUrl":"https:\/\/miroalv.com\/wp-content\/uploads\/2024\/11\/logom2009_orange-e1731695763752.png","width":500,"height":250,"caption":"Silvia Juan Grancha"},"image":{"@id":"https:\/\/miroalv.com\/#\/schema\/logo\/image\/"}}]}},"_links":{"self":[{"href":"https:\/\/miroalv.com\/en\/wp-json\/wp\/v2\/pages\/19","targetHints":{"allow":["GET"]}}],"collection":[{"href":"https:\/\/miroalv.com\/en\/wp-json\/wp\/v2\/pages"}],"about":[{"href":"https:\/\/miroalv.com\/en\/wp-json\/wp\/v2\/types\/page"}],"author":[{"embeddable":true,"href":"https:\/\/miroalv.com\/en\/wp-json\/wp\/v2\/users\/1"}],"replies":[{"embeddable":true,"href":"https:\/\/miroalv.com\/en\/wp-json\/wp\/v2\/comments?post=19"}],"version-history":[{"count":19,"href":"https:\/\/miroalv.com\/en\/wp-json\/wp\/v2\/pages\/19\/revisions"}],"predecessor-version":[{"id":258,"href":"https:\/\/miroalv.com\/en\/wp-json\/wp\/v2\/pages\/19\/revisions\/258"}],"wp:attachment":[{"href":"https:\/\/miroalv.com\/en\/wp-json\/wp\/v2\/media?parent=19"}],"curies":[{"name":"wp","href":"https:\/\/api.w.org\/{rel}","templated":true}]}}