{"id":193,"date":"2024-11-18T19:26:08","date_gmt":"2024-11-18T19:26:08","guid":{"rendered":"https:\/\/miroalv.com\/?page_id=193"},"modified":"2024-12-02T12:41:36","modified_gmt":"2024-12-02T12:41:36","slug":"politica-de-privacidad-ue","status":"publish","type":"page","link":"https:\/\/miroalv.com\/en\/politica-de-privacidad-ue\/","title":{"rendered":"Pol\u00edtica de Privacidad (UE)"},"content":{"rendered":"<div data-elementor-type=\"wp-page\" data-elementor-id=\"193\" class=\"elementor elementor-193\" data-elementor-post-type=\"page\">\n\t\t\t\t<div class=\"elementor-element elementor-element-920a2a7 e-flex e-con-boxed e-con e-parent\" data-id=\"920a2a7\" data-element_type=\"container\">\n\t\t\t\t\t<div class=\"e-con-inner\">\n\t\t\t\t<div class=\"elementor-element elementor-element-e66f6a7 elementor-widget elementor-widget-text-editor\" data-id=\"e66f6a7\" data-element_type=\"widget\" data-widget_type=\"text-editor.default\">\n\t\t\t\t<div class=\"elementor-widget-container\">\n\t\t\t\t\t\t\t\t\t<p><span style=\"font-weight: 400;\">Esta pol\u00edtica de privacidad fue actualizada por \u00faltima vez en 18 de noviembre de 2024 y se aplica a los ciudadanos del Espacio Econ\u00f3mico Europeo.<\/span><\/p><p><span style=\"font-weight: 400;\">En esta declaraci\u00f3n de privacidad, explicamos lo que hacemos con los datos que obtenemos sobre usted a trav\u00e9s de https:\/\/miroalv.com\/. Le recomendamos que lea atentamente esta declaraci\u00f3n. En nuestro procesamiento cumplimos con los requisitos de la legislaci\u00f3n de privacidad. Lo que significa, entre otras cosas, que:<\/span><\/p><ul><li style=\"font-weight: 400;\" aria-level=\"1\"><span style=\"font-weight: 400;\">indicamos claramente los fines para los que procesamos los datos personales. Hacemos esto por medio de esta declaraci\u00f3n de privacidad.<\/span><\/li><li style=\"font-weight: 400;\" aria-level=\"1\"><span style=\"font-weight: 400;\">nuestro objetivo es limitar nuestra recopilaci\u00f3n de datos personales a los datos personales necesarios para fines leg\u00edtimos.<\/span><\/li><li style=\"font-weight: 400;\" aria-level=\"1\"><span style=\"font-weight: 400;\">en primer lugar, solicitamos su consentimiento expl\u00edcito para el tratamiento de sus datos personales en los casos en que sea necesario.<\/span><\/li><li style=\"font-weight: 400;\" aria-level=\"1\"><span style=\"font-weight: 400;\">tomamos las medidas de seguridad adecuadas para proteger sus datos personales y tambi\u00e9n se lo exigimos a las partes que procesan datos personales en nuestro nombre;<\/span><\/li><li style=\"font-weight: 400;\" aria-level=\"1\"><span style=\"font-weight: 400;\">respetamos su derecho a acceder, rectificar o cancelar sus datos personales previa solicitud.<\/span><span style=\"font-weight: 400;\"><br \/><\/span><span style=\"font-weight: 400;\">Si tiene alguna pregunta o desea saber exactamente qu\u00e9 datos sobre usted guardamos, p\u00f3ngase en contacto con nosotros.<\/span><\/li><\/ul><h2><span style=\"font-weight: 400;\">1. Prop\u00f3sito, datos y periodo de retenci\u00f3n<\/span><\/h2><p><span style=\"font-weight: 400;\">1.1 Contacto \u2013 Por tel\u00e9fono, correo, correo electr\u00f3nico y\/o formularios en el sitio. Retendremos los datos hasta que el servicio sea cancelado.<\/span><\/p><p><span style=\"font-weight: 400;\">1.2 Para poder cumplir con las obligaciones legales. Retendremos los datos hasta que el servicio sea cancelado.<\/span><\/p><p><span style=\"font-weight: 400;\">1.3 Recopilaci\u00f3n y an\u00e1lisis de estad\u00edsticas para la mejora del sitio web. Retendremos los datos hasta que el servicio sea cancelado.<\/span><\/p><h2><span style=\"font-weight: 400;\">2. Compartir con otras partes<\/span><\/h2><p><span style=\"font-weight: 400;\">S\u00f3lo compartimos o divulgamos estos datos a los procesadores para los siguientes prop\u00f3sitos:<\/span><\/p><p><span style=\"font-weight: 400;\">Procesadores de datos.<\/span><\/p><p><span style=\"font-weight: 400;\">Nombre: Xpandex<\/span><span style=\"font-weight: 400;\"><br \/><\/span><span style=\"font-weight: 400;\">Pa\u00eds: Espa\u00f1a<\/span><span style=\"font-weight: 400;\"><br \/><\/span><span style=\"font-weight: 400;\">Prop\u00f3sito: Desarrollo y mantenimiento Web<\/span><\/p><h2><span style=\"font-weight: 400;\">3. Cookies<\/span><\/h2><p><span style=\"font-weight: 400;\">Nuestro sitio web utiliza cookies. Para m\u00e1s informaci\u00f3n acerca de las cookies, por favor refi\u00e9rase a nuestra Declaraci\u00f3n de Pol\u00edtica de Cookies.Tenemos un acuerdo de procesamiento de datos con Google.<\/span><\/p><h2><span style=\"font-weight: 400;\">4. Seguridad<\/span><\/h2><p><span style=\"font-weight: 400;\">Estamos comprometidos con la seguridad de los datos personales. Tomamos las medidas de seguridad adecuadas para limitar el abuso y el acceso no autorizado a los datos personales. Esto asegura que s\u00f3lo las personas necesarias tengan acceso a sus datos, que el acceso a los datos est\u00e9 protegido y que nuestras medidas de seguridad sean revisadas regularmente.<\/span><\/p><h2><span style=\"font-weight: 400;\">5. Sitios web de terceros<\/span><\/h2><p><span style=\"font-weight: 400;\">Esta declaraci\u00f3n de privacidad no se aplica a los sitios web de terceros conectados mediante enlaces en nuestro sitio web. No podemos garantizar que estas terceras partes manejen sus datos personales de forma fiable o segura. Le recomendamos que lea las declaraciones de privacidad de estos sitios web antes de utilizarlos.<\/span><\/p><h2><span style=\"font-weight: 400;\">6. Privacidad y referencia a la declaraci\u00f3n de privacidad<\/span><\/h2><p><span style=\"font-weight: 400;\">Nos reservamos el derecho de hacer enmiendas a esta declaraci\u00f3n de privacidad. Se recomienda que consulte esta declaraci\u00f3n de privacidad regularmente para estar al tanto de cualquier cambio. Adem\u00e1s, le informaremos activamente siempre que sea posible.<\/span><\/p><h2><span style=\"font-weight: 400;\">7. Acceso y modificaci\u00f3n de sus datos<\/span><\/h2><p><span style=\"font-weight: 400;\">Si tiene alguna pregunta o desea saber qu\u00e9 datos personales tenemos sobre usted, p\u00f3ngase en contacto con nosotros. Puede ponerse en contacto con nosotros utilizando la siguiente informaci\u00f3n. Usted tiene los siguientes derechos:<\/span><\/p><ul><li style=\"font-weight: 400;\" aria-level=\"1\"><span style=\"font-weight: 400;\">Usted tiene derecho a saber por qu\u00e9 se necesitan sus datos personales, qu\u00e9 suceder\u00e1 con ellos y durante cu\u00e1nto tiempo se conservar\u00e1n.<\/span><\/li><li style=\"font-weight: 400;\" aria-level=\"1\"><span style=\"font-weight: 400;\">Derecho de acceso: Tiene derecho a acceder a los datos personales que conocemos sobre usted.<\/span><\/li><li style=\"font-weight: 400;\" aria-level=\"1\"><span style=\"font-weight: 400;\">Derecho de rectificaci\u00f3n: tiene derecho a completar, rectificar, borrar o bloquear sus datos personales cuando lo desee.<\/span><\/li><li style=\"font-weight: 400;\" aria-level=\"1\"><span style=\"font-weight: 400;\">Si usted nos da su consentimiento para procesar sus datos, tiene derecho a revocar dicho consentimiento y a que se eliminen sus datos personales.<\/span><\/li><li style=\"font-weight: 400;\" aria-level=\"1\"><span style=\"font-weight: 400;\">Derecho de cesi\u00f3n de sus datos: tiene derecho a solicitar todos sus datos personales al controlador y a transferirlos \u00edntegramente a otro controlador.<\/span><\/li><li style=\"font-weight: 400;\" aria-level=\"1\"><span style=\"font-weight: 400;\">Derecho de oposici\u00f3n: usted puede oponerse al tratamiento de sus datos. Nosotros cumplimos con esto, a menos que existan motivos justificados para el procesamiento.<\/span><\/li><\/ul><p><span style=\"font-weight: 400;\">Por favor, aseg\u00farese de indicar siempre claramente qui\u00e9n es usted, para que podamos estar seguros de que no modificamos o eliminamos ning\u00fan dato de la persona equivocada.<\/span><\/p><h2><span style=\"font-weight: 400;\">8. Enviando una queja<\/span><\/h2><p><span style=\"font-weight: 400;\">Si no est\u00e1 satisfecho con la forma en que tratamos o procesamos sus datos personales, tiene derecho a presentar una queja a la Autoridad de Protecci\u00f3n de Datos.<\/span><\/p><h2><span style=\"font-weight: 400;\">9. Responsable de la protecci\u00f3n de datos<\/span><\/h2><p><span style=\"font-weight: 400;\">Nuestro Responsable de la Protecci\u00f3n de Datos ha sido registrado ante la autoridad de protecci\u00f3n de datos de un Estado miembro de la UE. Si tiene alguna pregunta o solicitud con respecto a esta declaraci\u00f3n de privacidad o para el Responsable de la Protecci\u00f3n de Datos, puede ponerse en contacto con Daniel Miro \u00c1lvarez <br \/>manhogar@detergentesmanhogar.es<br \/><\/span><\/p><h2><span style=\"font-weight: 400;\">10. Detalles de contacto<\/span><\/h2><p>Daniel Miro \u00c1lvarez 38109021E<\/p><p>Becker 42, 08860 barcelona<\/p><p>Website: https:\/\/miroalv.com<\/p><p>Email: manhogar@detergentesmanhogar.es<\/p><p>Tel\u00e9fono: 636200884<\/p>\t\t\t\t\t\t\t\t<\/div>\n\t\t\t\t<\/div>\n\t\t\t\t\t<\/div>\n\t\t\t\t<\/div>\n\t\t\t\t<\/div>","protected":false},"excerpt":{"rendered":"<p>Esta pol\u00edtica de privacidad fue actualizada por \u00faltima vez en 18 de noviembre de 2024 y se aplica a los ciudadanos del Espacio Econ\u00f3mico Europeo. En esta declaraci\u00f3n de privacidad, explicamos lo que hacemos con los datos que obtenemos sobre usted a trav\u00e9s de https:\/\/miroalv.com\/. Le recomendamos que lea atentamente esta declaraci\u00f3n. En nuestro procesamiento &#8230; <a title=\"Pol\u00edtica de Privacidad (UE)\" class=\"read-more\" href=\"https:\/\/miroalv.com\/en\/politica-de-privacidad-ue\/\" aria-label=\"Read more about Pol\u00edtica de Privacidad (UE)\">Read more<\/a><\/p>","protected":false},"author":1,"featured_media":0,"parent":0,"menu_order":0,"comment_status":"closed","ping_status":"closed","template":"","meta":{"footnotes":""},"class_list":["post-193","page","type-page","status-publish"],"yoast_head":"<!-- This site is optimized with the Yoast SEO plugin v23.8 - https:\/\/yoast.com\/wordpress\/plugins\/seo\/ -->\n<title>Pol\u00edtica de Privacidad (UE) - Miro Soluciones<\/title>\n<meta name=\"robots\" content=\"noindex, nofollow\" \/>\n<meta property=\"og:locale\" content=\"en_GB\" \/>\n<meta property=\"og:type\" content=\"article\" \/>\n<meta property=\"og:title\" content=\"Pol\u00edtica de Privacidad (UE) - Miro Soluciones\" \/>\n<meta property=\"og:description\" content=\"Esta pol\u00edtica de privacidad fue actualizada por \u00faltima vez en 18 de noviembre de 2024 y se aplica a los ciudadanos del Espacio Econ\u00f3mico Europeo. En esta declaraci\u00f3n de privacidad, explicamos lo que hacemos con los datos que obtenemos sobre usted a trav\u00e9s de https:\/\/miroalv.com\/. Le recomendamos que lea atentamente esta declaraci\u00f3n. En nuestro procesamiento ... Read more\" \/>\n<meta property=\"og:url\" content=\"https:\/\/miroalv.com\/en\/politica-de-privacidad-ue\/\" \/>\n<meta property=\"og:site_name\" content=\"Miro Soluciones\" \/>\n<meta property=\"article:modified_time\" content=\"2024-12-02T12:41:36+00:00\" \/>\n<meta property=\"og:image\" content=\"https:\/\/miroalv.com\/wp-content\/uploads\/2024\/11\/logom2009_orange-e1731695763752.png\" \/>\n\t<meta property=\"og:image:width\" content=\"500\" \/>\n\t<meta property=\"og:image:height\" content=\"250\" \/>\n\t<meta property=\"og:image:type\" content=\"image\/png\" \/>\n<meta name=\"twitter:card\" content=\"summary_large_image\" \/>\n<meta name=\"twitter:label1\" content=\"Estimated reading time\" \/>\n\t<meta name=\"twitter:data1\" content=\"4 minutes\" \/>\n<script type=\"application\/ld+json\" class=\"yoast-schema-graph\">{\"@context\":\"https:\/\/schema.org\",\"@graph\":[{\"@type\":\"WebPage\",\"@id\":\"https:\/\/miroalv.com\/politica-de-privacidad-ue\/\",\"url\":\"https:\/\/miroalv.com\/politica-de-privacidad-ue\/\",\"name\":\"Pol\u00edtica de Privacidad (UE) - Miro Soluciones\",\"isPartOf\":{\"@id\":\"https:\/\/miroalv.com\/#website\"},\"datePublished\":\"2024-11-18T19:26:08+00:00\",\"dateModified\":\"2024-12-02T12:41:36+00:00\",\"breadcrumb\":{\"@id\":\"https:\/\/miroalv.com\/politica-de-privacidad-ue\/#breadcrumb\"},\"inLanguage\":\"en-GB\",\"potentialAction\":[{\"@type\":\"ReadAction\",\"target\":[\"https:\/\/miroalv.com\/politica-de-privacidad-ue\/\"]}]},{\"@type\":\"BreadcrumbList\",\"@id\":\"https:\/\/miroalv.com\/politica-de-privacidad-ue\/#breadcrumb\",\"itemListElement\":[{\"@type\":\"ListItem\",\"position\":1,\"name\":\"Portada\",\"item\":\"https:\/\/miroalv.com\/\"},{\"@type\":\"ListItem\",\"position\":2,\"name\":\"Pol\u00edtica de Privacidad (UE)\"}]},{\"@type\":\"WebSite\",\"@id\":\"https:\/\/miroalv.com\/#website\",\"url\":\"https:\/\/miroalv.com\/\",\"name\":\"Miro Soluciones\",\"description\":\"\",\"publisher\":{\"@id\":\"https:\/\/miroalv.com\/#organization\"},\"alternateName\":\"m2009\",\"potentialAction\":[{\"@type\":\"SearchAction\",\"target\":{\"@type\":\"EntryPoint\",\"urlTemplate\":\"https:\/\/miroalv.com\/?s={search_term_string}\"},\"query-input\":{\"@type\":\"PropertyValueSpecification\",\"valueRequired\":true,\"valueName\":\"search_term_string\"}}],\"inLanguage\":\"en-GB\"},{\"@type\":\"Organization\",\"@id\":\"https:\/\/miroalv.com\/#organization\",\"name\":\"Silvia Juan Grancha\",\"url\":\"https:\/\/miroalv.com\/\",\"logo\":{\"@type\":\"ImageObject\",\"inLanguage\":\"en-GB\",\"@id\":\"https:\/\/miroalv.com\/#\/schema\/logo\/image\/\",\"url\":\"https:\/\/miroalv.com\/wp-content\/uploads\/2024\/11\/logom2009_orange-e1731695763752.png\",\"contentUrl\":\"https:\/\/miroalv.com\/wp-content\/uploads\/2024\/11\/logom2009_orange-e1731695763752.png\",\"width\":500,\"height\":250,\"caption\":\"Silvia Juan Grancha\"},\"image\":{\"@id\":\"https:\/\/miroalv.com\/#\/schema\/logo\/image\/\"}}]}<\/script>\n<!-- \/ Yoast SEO plugin. -->","yoast_head_json":{"title":"Pol\u00edtica de Privacidad (UE) - Miro Soluciones","robots":{"index":"noindex","follow":"nofollow"},"og_locale":"en_GB","og_type":"article","og_title":"Pol\u00edtica de Privacidad (UE) - Miro Soluciones","og_description":"Esta pol\u00edtica de privacidad fue actualizada por \u00faltima vez en 18 de noviembre de 2024 y se aplica a los ciudadanos del Espacio Econ\u00f3mico Europeo. En esta declaraci\u00f3n de privacidad, explicamos lo que hacemos con los datos que obtenemos sobre usted a trav\u00e9s de https:\/\/miroalv.com\/. Le recomendamos que lea atentamente esta declaraci\u00f3n. En nuestro procesamiento ... Read more","og_url":"https:\/\/miroalv.com\/en\/politica-de-privacidad-ue\/","og_site_name":"Miro Soluciones","article_modified_time":"2024-12-02T12:41:36+00:00","og_image":[{"width":500,"height":250,"url":"https:\/\/miroalv.com\/wp-content\/uploads\/2024\/11\/logom2009_orange-e1731695763752.png","type":"image\/png"}],"twitter_card":"summary_large_image","twitter_misc":{"Estimated reading time":"4 minutes"},"schema":{"@context":"https:\/\/schema.org","@graph":[{"@type":"WebPage","@id":"https:\/\/miroalv.com\/politica-de-privacidad-ue\/","url":"https:\/\/miroalv.com\/politica-de-privacidad-ue\/","name":"Pol\u00edtica de Privacidad (UE) - Miro Soluciones","isPartOf":{"@id":"https:\/\/miroalv.com\/#website"},"datePublished":"2024-11-18T19:26:08+00:00","dateModified":"2024-12-02T12:41:36+00:00","breadcrumb":{"@id":"https:\/\/miroalv.com\/politica-de-privacidad-ue\/#breadcrumb"},"inLanguage":"en-GB","potentialAction":[{"@type":"ReadAction","target":["https:\/\/miroalv.com\/politica-de-privacidad-ue\/"]}]},{"@type":"BreadcrumbList","@id":"https:\/\/miroalv.com\/politica-de-privacidad-ue\/#breadcrumb","itemListElement":[{"@type":"ListItem","position":1,"name":"Portada","item":"https:\/\/miroalv.com\/"},{"@type":"ListItem","position":2,"name":"Pol\u00edtica de Privacidad (UE)"}]},{"@type":"WebSite","@id":"https:\/\/miroalv.com\/#website","url":"https:\/\/miroalv.com\/","name":"Miro Soluciones","description":"","publisher":{"@id":"https:\/\/miroalv.com\/#organization"},"alternateName":"m2009","potentialAction":[{"@type":"SearchAction","target":{"@type":"EntryPoint","urlTemplate":"https:\/\/miroalv.com\/?s={search_term_string}"},"query-input":{"@type":"PropertyValueSpecification","valueRequired":true,"valueName":"search_term_string"}}],"inLanguage":"en-GB"},{"@type":"Organization","@id":"https:\/\/miroalv.com\/#organization","name":"Silvia Juan Grancha","url":"https:\/\/miroalv.com\/","logo":{"@type":"ImageObject","inLanguage":"en-GB","@id":"https:\/\/miroalv.com\/#\/schema\/logo\/image\/","url":"https:\/\/miroalv.com\/wp-content\/uploads\/2024\/11\/logom2009_orange-e1731695763752.png","contentUrl":"https:\/\/miroalv.com\/wp-content\/uploads\/2024\/11\/logom2009_orange-e1731695763752.png","width":500,"height":250,"caption":"Silvia Juan Grancha"},"image":{"@id":"https:\/\/miroalv.com\/#\/schema\/logo\/image\/"}}]}},"_links":{"self":[{"href":"https:\/\/miroalv.com\/en\/wp-json\/wp\/v2\/pages\/193","targetHints":{"allow":["GET"]}}],"collection":[{"href":"https:\/\/miroalv.com\/en\/wp-json\/wp\/v2\/pages"}],"about":[{"href":"https:\/\/miroalv.com\/en\/wp-json\/wp\/v2\/types\/page"}],"author":[{"embeddable":true,"href":"https:\/\/miroalv.com\/en\/wp-json\/wp\/v2\/users\/1"}],"replies":[{"embeddable":true,"href":"https:\/\/miroalv.com\/en\/wp-json\/wp\/v2\/comments?post=193"}],"version-history":[{"count":7,"href":"https:\/\/miroalv.com\/en\/wp-json\/wp\/v2\/pages\/193\/revisions"}],"predecessor-version":[{"id":276,"href":"https:\/\/miroalv.com\/en\/wp-json\/wp\/v2\/pages\/193\/revisions\/276"}],"wp:attachment":[{"href":"https:\/\/miroalv.com\/en\/wp-json\/wp\/v2\/media?parent=193"}],"curies":[{"name":"wp","href":"https:\/\/api.w.org\/{rel}","templated":true}]}}