{"id":21,"date":"2024-10-30T09:38:52","date_gmt":"2024-10-30T09:38:52","guid":{"rendered":"https:\/\/miroalv.com\/?page_id=21"},"modified":"2024-12-02T12:31:16","modified_gmt":"2024-12-02T12:31:16","slug":"servicios","status":"publish","type":"page","link":"https:\/\/miroalv.com\/en\/servicios\/","title":{"rendered":"Servicios"},"content":{"rendered":"<div data-elementor-type=\"wp-page\" data-elementor-id=\"21\" class=\"elementor elementor-21\" data-elementor-post-type=\"page\">\n\t\t\t\t\t\t<section class=\"elementor-section elementor-top-section elementor-element elementor-element-425803d3 elementor-section-boxed elementor-section-height-default elementor-section-height-default\" data-id=\"425803d3\" data-element_type=\"section\" data-settings=\"{&quot;background_background&quot;:&quot;classic&quot;}\">\n\t\t\t\t\t\t\t<div class=\"elementor-background-overlay\"><\/div>\n\t\t\t\t\t\t\t<div class=\"elementor-container elementor-column-gap-default\">\n\t\t\t\t\t<div class=\"elementor-column elementor-col-100 elementor-top-column elementor-element elementor-element-3bf58305\" data-id=\"3bf58305\" data-element_type=\"column\">\n\t\t\t<div class=\"elementor-widget-wrap elementor-element-populated\">\n\t\t\t\t\t\t<div class=\"elementor-element elementor-element-5162307 elementor-widget elementor-widget-heading\" data-id=\"5162307\" data-element_type=\"widget\" data-widget_type=\"heading.default\">\n\t\t\t\t<div class=\"elementor-widget-container\">\n\t\t\t\t\t<h1 class=\"elementor-heading-title elementor-size-default\">Servicios<\/h1>\t\t\t\t<\/div>\n\t\t\t\t<\/div>\n\t\t\t\t\t<\/div>\n\t\t<\/div>\n\t\t\t\t\t<\/div>\n\t\t<\/section>\n\t\t\t\t<section class=\"elementor-section elementor-top-section elementor-element elementor-element-74d9a69a elementor-section-boxed elementor-section-height-default elementor-section-height-default\" data-id=\"74d9a69a\" data-element_type=\"section\">\n\t\t\t\t\t\t<div class=\"elementor-container elementor-column-gap-default\">\n\t\t\t\t\t<div class=\"elementor-column elementor-col-33 elementor-top-column elementor-element elementor-element-2f5f8455\" data-id=\"2f5f8455\" data-element_type=\"column\">\n\t\t\t<div class=\"elementor-widget-wrap elementor-element-populated\">\n\t\t\t\t\t\t<div class=\"elementor-element elementor-element-60dcc4b0 elementor-widget elementor-widget-image\" data-id=\"60dcc4b0\" data-element_type=\"widget\" data-widget_type=\"image.default\">\n\t\t\t\t<div class=\"elementor-widget-container\">\n\t\t\t\t\t\t\t\t\t\t\t\t\t\t\t\t<a href=\"#\">\n\t\t\t\t\t\t\t<img decoding=\"async\" src=\"https:\/\/miroalv.com\/wp-content\/uploads\/elementor\/thumbs\/man-touching-virtual-screen-futuristic-technology-digital-remix-qxwyuarmevk1x1qlf40c6ngj07ivjsden038y2wdqs.jpg\" title=\"Business people brainstorming\" alt=\"Man touching a virtual screen futuristic technology digital remix\" loading=\"lazy\" \/>\t\t\t\t\t\t\t\t<\/a>\n\t\t\t\t\t\t\t\t\t\t\t\t\t\t\t<\/div>\n\t\t\t\t<\/div>\n\t\t\t\t<div class=\"elementor-element elementor-element-da99b8d elementor-widget elementor-widget-heading\" data-id=\"da99b8d\" data-element_type=\"widget\" data-widget_type=\"heading.default\">\n\t\t\t\t<div class=\"elementor-widget-container\">\n\t\t\t\t\t<h4 class=\"elementor-heading-title elementor-size-default\"><a href=\"#\">Transformaci\u00f3n digital a tu alcance<\/a><\/h4>\t\t\t\t<\/div>\n\t\t\t\t<\/div>\n\t\t\t\t<div class=\"elementor-element elementor-element-ca7709 elementor-widget elementor-widget-text-editor\" data-id=\"ca7709\" data-element_type=\"widget\" data-widget_type=\"text-editor.default\">\n\t\t\t\t<div class=\"elementor-widget-container\">\n\t\t\t\t\t\t\t\t\t<div class=\"flex max-w-full flex-col flex-grow\"><div class=\"min-h-8 text-message flex w-full flex-col items-end gap-2 whitespace-normal break-words [.text-message+&amp;]:mt-5\" dir=\"auto\" data-message-author-role=\"assistant\" data-message-id=\"f091de66-385f-4d2b-b5aa-b66fb254cb2a\" data-message-model-slug=\"gpt-4o\"><div class=\"flex w-full flex-col gap-1 empty:hidden first:pt-[3px]\"><div class=\"markdown prose w-full break-words dark:prose-invert dark\"><p>Hacemos que la transformaci\u00f3n digital sea accesible para empresas de todos los tama\u00f1os. Sabemos que la tecnolog\u00eda puede ser compleja, pero nuestro objetivo es simplificarla y adaptarla a las necesidades de tu negocio.<\/p><p>Desde la automatizaci\u00f3n de procesos y la integraci\u00f3n de herramientas inteligentes hasta la modernizaci\u00f3n de infraestructuras tecnol\u00f3gicas, te acompa\u00f1amos en cada paso del camino. Nuestra misi\u00f3n es cerrar la brecha entre tus objetivos y las oportunidades que ofrece el mundo digital, ayud\u00e1ndote a optimizar recursos, mejorar la experiencia de tus clientes y alcanzar nuevos niveles de competitividad.<\/p><\/div><\/div><\/div><\/div><div class=\"mb-2 flex gap-3 empty:hidden -ml-2\"><div class=\"items-center justify-start rounded-xl p-1 flex\"><div class=\"flex items-center\">\u00a0<\/div><\/div><\/div>\t\t\t\t\t\t\t\t<\/div>\n\t\t\t\t<\/div>\n\t\t\t\t\t<\/div>\n\t\t<\/div>\n\t\t\t\t<div class=\"elementor-column elementor-col-33 elementor-top-column elementor-element elementor-element-73ab0481\" data-id=\"73ab0481\" data-element_type=\"column\">\n\t\t\t<div class=\"elementor-widget-wrap elementor-element-populated\">\n\t\t\t\t\t\t<div class=\"elementor-element elementor-element-6f1f8513 elementor-widget elementor-widget-image\" data-id=\"6f1f8513\" data-element_type=\"widget\" data-widget_type=\"image.default\">\n\t\t\t\t<div class=\"elementor-widget-container\">\n\t\t\t\t\t\t\t\t\t\t\t\t\t\t\t\t<a href=\"#\">\n\t\t\t\t\t\t\t<img decoding=\"async\" src=\"https:\/\/miroalv.com\/wp-content\/uploads\/elementor\/thumbs\/person-working-html-computer-qxwyucnasjmmk9nv44tlbmzg6z9lz6kvb9e7wmtlec.jpg\" title=\"person-working-html-computer\" alt=\"person-working-html-computer\" loading=\"lazy\" \/>\t\t\t\t\t\t\t\t<\/a>\n\t\t\t\t\t\t\t\t\t\t\t\t\t\t\t<\/div>\n\t\t\t\t<\/div>\n\t\t\t\t<div class=\"elementor-element elementor-element-24cc0ce2 elementor-widget elementor-widget-heading\" data-id=\"24cc0ce2\" data-element_type=\"widget\" data-widget_type=\"heading.default\">\n\t\t\t\t<div class=\"elementor-widget-container\">\n\t\t\t\t\t<h4 class=\"elementor-heading-title elementor-size-default\"><a href=\"#\">Soluciones personalizadas<\/a><\/h4>\t\t\t\t<\/div>\n\t\t\t\t<\/div>\n\t\t\t\t<div class=\"elementor-element elementor-element-371d816c elementor-widget elementor-widget-text-editor\" data-id=\"371d816c\" data-element_type=\"widget\" data-widget_type=\"text-editor.default\">\n\t\t\t\t<div class=\"elementor-widget-container\">\n\t\t\t\t\t\t\t\t\t<p>Entendemos que cada negocio es \u00fanico, con retos y objetivos espec\u00edficos. Por eso, nuestras soluciones est\u00e1n dise\u00f1adas a medida, para adaptarse perfectamente a las necesidades y metas de tu empresa.<\/p><p>Nos tomamos el tiempo para conocer tu operaci\u00f3n, identificar tus desaf\u00edos y entender tus prioridades. Con esa informaci\u00f3n, desarrollamos estrategias y herramientas tecnol\u00f3gicas que maximizan el valor y el impacto en tu organizaci\u00f3n.<\/p>\t\t\t\t\t\t\t\t<\/div>\n\t\t\t\t<\/div>\n\t\t\t\t\t<\/div>\n\t\t<\/div>\n\t\t\t\t<div class=\"elementor-column elementor-col-33 elementor-top-column elementor-element elementor-element-6237422b\" data-id=\"6237422b\" data-element_type=\"column\">\n\t\t\t<div class=\"elementor-widget-wrap elementor-element-populated\">\n\t\t\t\t\t\t<div class=\"elementor-element elementor-element-bf745c0 elementor-widget elementor-widget-image\" data-id=\"bf745c0\" data-element_type=\"widget\" data-widget_type=\"image.default\">\n\t\t\t\t<div class=\"elementor-widget-container\">\n\t\t\t\t\t\t\t\t\t\t\t\t\t\t\t\t<a href=\"#\">\n\t\t\t\t\t\t\t<img decoding=\"async\" src=\"https:\/\/miroalv.com\/wp-content\/uploads\/elementor\/thumbs\/standard-quality-control-concept-m-qxwyudl4zdnwvvmhyn87w4qwsd4z6volne1pdws784.jpg\" title=\"standard-quality-control-concept-m\" alt=\"standard-quality-control-concept-m\" loading=\"lazy\" \/>\t\t\t\t\t\t\t\t<\/a>\n\t\t\t\t\t\t\t\t\t\t\t\t\t\t\t<\/div>\n\t\t\t\t<\/div>\n\t\t\t\t<div class=\"elementor-element elementor-element-4835056e elementor-widget elementor-widget-heading\" data-id=\"4835056e\" data-element_type=\"widget\" data-widget_type=\"heading.default\">\n\t\t\t\t<div class=\"elementor-widget-container\">\n\t\t\t\t\t<h4 class=\"elementor-heading-title elementor-size-default\"><a href=\"#\">Soporte confiable<\/a><\/h4>\t\t\t\t<\/div>\n\t\t\t\t<\/div>\n\t\t\t\t<div class=\"elementor-element elementor-element-466fb42f elementor-widget elementor-widget-text-editor\" data-id=\"466fb42f\" data-element_type=\"widget\" data-widget_type=\"text-editor.default\">\n\t\t\t\t<div class=\"elementor-widget-container\">\n\t\t\t\t\t\t\t\t\t<p>Creemos que la tecnolog\u00eda solo alcanza su m\u00e1ximo potencial cuando est\u00e1 respaldada por un soporte t\u00e9cnico s\u00f3lido y confiable. Por eso, no solo implementamos soluciones; tambi\u00e9n te acompa\u00f1amos en cada etapa de tu experiencia tecnol\u00f3gica.<\/p><p>Nuestro equipo de expertos est\u00e1 disponible para resolver problemas, realizar ajustes y ofrecer asesoramiento, asegurando que tus sistemas operen de manera eficiente y sin interrupciones. Nos comprometemos a responder r\u00e1pidamente a tus necesidades, minimizando el tiempo de inactividad y ayud\u00e1ndote a mantener el ritmo de tus operaciones.<\/p>\t\t\t\t\t\t\t\t<\/div>\n\t\t\t\t<\/div>\n\t\t\t\t\t<\/div>\n\t\t<\/div>\n\t\t\t\t\t<\/div>\n\t\t<\/section>\n\t\t\t\t<section class=\"elementor-section elementor-top-section elementor-element elementor-element-5b5b90c1 elementor-section-boxed elementor-section-height-default elementor-section-height-default\" data-id=\"5b5b90c1\" data-element_type=\"section\" data-settings=\"{&quot;background_background&quot;:&quot;classic&quot;}\">\n\t\t\t\t\t\t\t<div class=\"elementor-background-overlay\"><\/div>\n\t\t\t\t\t\t\t<div class=\"elementor-container elementor-column-gap-default\">\n\t\t\t\t\t<div class=\"elementor-column elementor-col-50 elementor-top-column elementor-element elementor-element-3b32d3cd\" data-id=\"3b32d3cd\" data-element_type=\"column\">\n\t\t\t<div class=\"elementor-widget-wrap elementor-element-populated\">\n\t\t\t\t\t\t<div class=\"elementor-element elementor-element-d666768 elementor-widget elementor-widget-heading\" data-id=\"d666768\" data-element_type=\"widget\" data-widget_type=\"heading.default\">\n\t\t\t\t<div class=\"elementor-widget-container\">\n\t\t\t\t\t<h2 class=\"elementor-heading-title elementor-size-default\">Beneficios de Nuestros Servicios<\/h2>\t\t\t\t<\/div>\n\t\t\t\t<\/div>\n\t\t\t\t<div class=\"elementor-element elementor-element-1b13497f elementor-widget elementor-widget-heading\" data-id=\"1b13497f\" data-element_type=\"widget\" data-widget_type=\"heading.default\">\n\t\t\t\t<div class=\"elementor-widget-container\">\n\t\t\t\t\t<h3 class=\"elementor-heading-title elementor-size-default\">Eficiencia, Puntualidad, Cobertura amplia y Profesionalidad.<\/h3>\t\t\t\t<\/div>\n\t\t\t\t<\/div>\n\t\t\t\t<div class=\"elementor-element elementor-element-9588ff2 elementor-widget elementor-widget-heading\" data-id=\"9588ff2\" data-element_type=\"widget\" data-widget_type=\"heading.default\">\n\t\t\t\t<div class=\"elementor-widget-container\">\n\t\t\t\t\t<p class=\"elementor-heading-title elementor-size-default\">Aseguramos que la informaci\u00f3n llegue a su destino de manera oportuna, minimizando inconvenientes para los usuarios.<\/p>\t\t\t\t<\/div>\n\t\t\t\t<\/div>\n\t\t\t\t<div class=\"elementor-element elementor-element-25d50d37 elementor-align-left elementor-mobile-align-center elementor-widget elementor-widget-button\" data-id=\"25d50d37\" data-element_type=\"widget\" data-widget_type=\"button.default\">\n\t\t\t\t<div class=\"elementor-widget-container\">\n\t\t\t\t\t\t\t\t\t<div class=\"elementor-button-wrapper\">\n\t\t\t\t\t<a class=\"elementor-button elementor-button-link elementor-size-md elementor-animation-shrink\" href=\"https:\/\/miroalv.com\/en\/contacto\/\">\n\t\t\t\t\t\t<span class=\"elementor-button-content-wrapper\">\n\t\t\t\t\t\t\t\t\t<span class=\"elementor-button-text\">Contactar<\/span>\n\t\t\t\t\t<\/span>\n\t\t\t\t\t<\/a>\n\t\t\t\t<\/div>\n\t\t\t\t\t\t\t\t<\/div>\n\t\t\t\t<\/div>\n\t\t\t\t\t<\/div>\n\t\t<\/div>\n\t\t\t\t<div class=\"elementor-column elementor-col-100 elementor-top-column elementor-element elementor-element-2f3a6234\" data-id=\"2f3a6234\" data-element_type=\"column\" data-settings=\"{&quot;background_background&quot;:&quot;classic&quot;}\">\n\t\t\t<div class=\"elementor-widget-wrap elementor-element-populated\">\n\t\t\t\t\t\t<div class=\"elementor-element elementor-element-2614d6c1 elementor-widget elementor-widget-image\" data-id=\"2614d6c1\" data-element_type=\"widget\" data-widget_type=\"image.default\">\n\t\t\t\t<div class=\"elementor-widget-container\">\n\t\t\t\t\t\t\t\t\t\t\t\t\t\t\t<img fetchpriority=\"high\" decoding=\"async\" width=\"1024\" height=\"683\" src=\"https:\/\/miroalv.com\/wp-content\/uploads\/2024\/12\/programming-background-with-person-working-with-codes-computer-1024x683.jpg\" class=\"attachment-large size-large wp-image-240\" alt=\"\" srcset=\"https:\/\/miroalv.com\/wp-content\/uploads\/2024\/12\/programming-background-with-person-working-with-codes-computer-1024x683.jpg 1024w, https:\/\/miroalv.com\/wp-content\/uploads\/2024\/12\/programming-background-with-person-working-with-codes-computer-300x200.jpg 300w, https:\/\/miroalv.com\/wp-content\/uploads\/2024\/12\/programming-background-with-person-working-with-codes-computer-768x512.jpg 768w, https:\/\/miroalv.com\/wp-content\/uploads\/2024\/12\/programming-background-with-person-working-with-codes-computer-18x12.jpg 18w, https:\/\/miroalv.com\/wp-content\/uploads\/2024\/12\/programming-background-with-person-working-with-codes-computer.jpg 1500w\" sizes=\"(max-width: 1024px) 100vw, 1024px\" \/>\t\t\t\t\t\t\t\t\t\t\t\t\t\t\t<\/div>\n\t\t\t\t<\/div>\n\t\t\t\t\t<\/div>\n\t\t<\/div>\n\t\t\t\t\t<\/div>\n\t\t<\/section>\n\t\t\t\t<\/div>","protected":false},"excerpt":{"rendered":"<p>Servicios Transformaci\u00f3n digital a tu alcance Hacemos que la transformaci\u00f3n digital sea accesible para empresas de todos los tama\u00f1os. Sabemos que la tecnolog\u00eda puede ser compleja, pero nuestro objetivo es simplificarla y adaptarla a las necesidades de tu negocio. Desde la automatizaci\u00f3n de procesos y la integraci\u00f3n de herramientas inteligentes hasta la modernizaci\u00f3n de infraestructuras &#8230; <a title=\"Servicios\" class=\"read-more\" href=\"https:\/\/miroalv.com\/en\/servicios\/\" aria-label=\"Read more about Servicios\">Read more<\/a><\/p>","protected":false},"author":1,"featured_media":83,"parent":0,"menu_order":0,"comment_status":"closed","ping_status":"closed","template":"","meta":{"footnotes":""},"class_list":["post-21","page","type-page","status-publish","has-post-thumbnail"],"yoast_head":"<!-- This site is optimized with the Yoast SEO plugin v23.8 - https:\/\/yoast.com\/wordpress\/plugins\/seo\/ -->\n<title>Servicios - Miro Soluciones<\/title>\n<meta name=\"description\" content=\"Descubre nuestros servicios: gesti\u00f3n de avisos corporativos, reparto de publicidad en comunidades y colocaci\u00f3n de carteler\u00eda con profesionalismo y eficiencia.\" \/>\n<meta name=\"robots\" content=\"index, follow, max-snippet:-1, max-image-preview:large, max-video-preview:-1\" \/>\n<link rel=\"canonical\" href=\"https:\/\/miroalv.com\/en\/servicios\/\" \/>\n<meta property=\"og:locale\" content=\"en_GB\" \/>\n<meta property=\"og:type\" content=\"article\" \/>\n<meta property=\"og:title\" content=\"Servicios - Miro Soluciones\" \/>\n<meta property=\"og:description\" content=\"Descubre nuestros servicios: gesti\u00f3n de avisos corporativos, reparto de publicidad en comunidades y colocaci\u00f3n de carteler\u00eda con profesionalismo y eficiencia.\" \/>\n<meta property=\"og:url\" content=\"https:\/\/miroalv.com\/en\/servicios\/\" \/>\n<meta property=\"og:site_name\" content=\"Miro Soluciones\" \/>\n<meta property=\"article:modified_time\" content=\"2024-12-02T12:31:16+00:00\" \/>\n<meta property=\"og:image\" content=\"https:\/\/miroalv.com\/wp-content\/uploads\/2024\/11\/slide-3.jpg\" \/>\n\t<meta property=\"og:image:width\" content=\"374\" \/>\n\t<meta property=\"og:image:height\" content=\"280\" \/>\n\t<meta property=\"og:image:type\" content=\"image\/jpeg\" \/>\n<meta name=\"twitter:card\" content=\"summary_large_image\" \/>\n<meta name=\"twitter:label1\" content=\"Estimated reading time\" \/>\n\t<meta name=\"twitter:data1\" content=\"3 minutes\" \/>\n<script type=\"application\/ld+json\" class=\"yoast-schema-graph\">{\"@context\":\"https:\/\/schema.org\",\"@graph\":[{\"@type\":\"WebPage\",\"@id\":\"https:\/\/miroalv.com\/servicios\/\",\"url\":\"https:\/\/miroalv.com\/servicios\/\",\"name\":\"Servicios - Miro Soluciones\",\"isPartOf\":{\"@id\":\"https:\/\/miroalv.com\/#website\"},\"primaryImageOfPage\":{\"@id\":\"https:\/\/miroalv.com\/servicios\/#primaryimage\"},\"image\":{\"@id\":\"https:\/\/miroalv.com\/servicios\/#primaryimage\"},\"thumbnailUrl\":\"https:\/\/miroalv.com\/wp-content\/uploads\/2024\/11\/slide-3.jpg\",\"datePublished\":\"2024-10-30T09:38:52+00:00\",\"dateModified\":\"2024-12-02T12:31:16+00:00\",\"description\":\"Descubre nuestros servicios: gesti\u00f3n de avisos corporativos, reparto de publicidad en comunidades y colocaci\u00f3n de carteler\u00eda con profesionalismo y eficiencia.\",\"breadcrumb\":{\"@id\":\"https:\/\/miroalv.com\/servicios\/#breadcrumb\"},\"inLanguage\":\"en-GB\",\"potentialAction\":[{\"@type\":\"ReadAction\",\"target\":[\"https:\/\/miroalv.com\/servicios\/\"]}]},{\"@type\":\"ImageObject\",\"inLanguage\":\"en-GB\",\"@id\":\"https:\/\/miroalv.com\/servicios\/#primaryimage\",\"url\":\"https:\/\/miroalv.com\/wp-content\/uploads\/2024\/11\/slide-3.jpg\",\"contentUrl\":\"https:\/\/miroalv.com\/wp-content\/uploads\/2024\/11\/slide-3.jpg\",\"width\":374,\"height\":280},{\"@type\":\"BreadcrumbList\",\"@id\":\"https:\/\/miroalv.com\/servicios\/#breadcrumb\",\"itemListElement\":[{\"@type\":\"ListItem\",\"position\":1,\"name\":\"Portada\",\"item\":\"https:\/\/miroalv.com\/\"},{\"@type\":\"ListItem\",\"position\":2,\"name\":\"Servicios\"}]},{\"@type\":\"WebSite\",\"@id\":\"https:\/\/miroalv.com\/#website\",\"url\":\"https:\/\/miroalv.com\/\",\"name\":\"Miro Soluciones\",\"description\":\"\",\"publisher\":{\"@id\":\"https:\/\/miroalv.com\/#organization\"},\"alternateName\":\"m2009\",\"potentialAction\":[{\"@type\":\"SearchAction\",\"target\":{\"@type\":\"EntryPoint\",\"urlTemplate\":\"https:\/\/miroalv.com\/?s={search_term_string}\"},\"query-input\":{\"@type\":\"PropertyValueSpecification\",\"valueRequired\":true,\"valueName\":\"search_term_string\"}}],\"inLanguage\":\"en-GB\"},{\"@type\":\"Organization\",\"@id\":\"https:\/\/miroalv.com\/#organization\",\"name\":\"Silvia Juan Grancha\",\"url\":\"https:\/\/miroalv.com\/\",\"logo\":{\"@type\":\"ImageObject\",\"inLanguage\":\"en-GB\",\"@id\":\"https:\/\/miroalv.com\/#\/schema\/logo\/image\/\",\"url\":\"https:\/\/miroalv.com\/wp-content\/uploads\/2024\/11\/logom2009_orange-e1731695763752.png\",\"contentUrl\":\"https:\/\/miroalv.com\/wp-content\/uploads\/2024\/11\/logom2009_orange-e1731695763752.png\",\"width\":500,\"height\":250,\"caption\":\"Silvia Juan Grancha\"},\"image\":{\"@id\":\"https:\/\/miroalv.com\/#\/schema\/logo\/image\/\"}}]}<\/script>\n<!-- \/ Yoast SEO plugin. -->","yoast_head_json":{"title":"Servicios - Miro Soluciones","description":"Descubre nuestros servicios: gesti\u00f3n de avisos corporativos, reparto de publicidad en comunidades y colocaci\u00f3n de carteler\u00eda con profesionalismo y eficiencia.","robots":{"index":"index","follow":"follow","max-snippet":"max-snippet:-1","max-image-preview":"max-image-preview:large","max-video-preview":"max-video-preview:-1"},"canonical":"https:\/\/miroalv.com\/en\/servicios\/","og_locale":"en_GB","og_type":"article","og_title":"Servicios - Miro Soluciones","og_description":"Descubre nuestros servicios: gesti\u00f3n de avisos corporativos, reparto de publicidad en comunidades y colocaci\u00f3n de carteler\u00eda con profesionalismo y eficiencia.","og_url":"https:\/\/miroalv.com\/en\/servicios\/","og_site_name":"Miro Soluciones","article_modified_time":"2024-12-02T12:31:16+00:00","og_image":[{"width":374,"height":280,"url":"https:\/\/miroalv.com\/wp-content\/uploads\/2024\/11\/slide-3.jpg","type":"image\/jpeg"}],"twitter_card":"summary_large_image","twitter_misc":{"Estimated reading time":"3 minutes"},"schema":{"@context":"https:\/\/schema.org","@graph":[{"@type":"WebPage","@id":"https:\/\/miroalv.com\/servicios\/","url":"https:\/\/miroalv.com\/servicios\/","name":"Servicios - Miro Soluciones","isPartOf":{"@id":"https:\/\/miroalv.com\/#website"},"primaryImageOfPage":{"@id":"https:\/\/miroalv.com\/servicios\/#primaryimage"},"image":{"@id":"https:\/\/miroalv.com\/servicios\/#primaryimage"},"thumbnailUrl":"https:\/\/miroalv.com\/wp-content\/uploads\/2024\/11\/slide-3.jpg","datePublished":"2024-10-30T09:38:52+00:00","dateModified":"2024-12-02T12:31:16+00:00","description":"Descubre nuestros servicios: gesti\u00f3n de avisos corporativos, reparto de publicidad en comunidades y colocaci\u00f3n de carteler\u00eda con profesionalismo y eficiencia.","breadcrumb":{"@id":"https:\/\/miroalv.com\/servicios\/#breadcrumb"},"inLanguage":"en-GB","potentialAction":[{"@type":"ReadAction","target":["https:\/\/miroalv.com\/servicios\/"]}]},{"@type":"ImageObject","inLanguage":"en-GB","@id":"https:\/\/miroalv.com\/servicios\/#primaryimage","url":"https:\/\/miroalv.com\/wp-content\/uploads\/2024\/11\/slide-3.jpg","contentUrl":"https:\/\/miroalv.com\/wp-content\/uploads\/2024\/11\/slide-3.jpg","width":374,"height":280},{"@type":"BreadcrumbList","@id":"https:\/\/miroalv.com\/servicios\/#breadcrumb","itemListElement":[{"@type":"ListItem","position":1,"name":"Portada","item":"https:\/\/miroalv.com\/"},{"@type":"ListItem","position":2,"name":"Servicios"}]},{"@type":"WebSite","@id":"https:\/\/miroalv.com\/#website","url":"https:\/\/miroalv.com\/","name":"Miro Soluciones","description":"","publisher":{"@id":"https:\/\/miroalv.com\/#organization"},"alternateName":"m2009","potentialAction":[{"@type":"SearchAction","target":{"@type":"EntryPoint","urlTemplate":"https:\/\/miroalv.com\/?s={search_term_string}"},"query-input":{"@type":"PropertyValueSpecification","valueRequired":true,"valueName":"search_term_string"}}],"inLanguage":"en-GB"},{"@type":"Organization","@id":"https:\/\/miroalv.com\/#organization","name":"Silvia Juan Grancha","url":"https:\/\/miroalv.com\/","logo":{"@type":"ImageObject","inLanguage":"en-GB","@id":"https:\/\/miroalv.com\/#\/schema\/logo\/image\/","url":"https:\/\/miroalv.com\/wp-content\/uploads\/2024\/11\/logom2009_orange-e1731695763752.png","contentUrl":"https:\/\/miroalv.com\/wp-content\/uploads\/2024\/11\/logom2009_orange-e1731695763752.png","width":500,"height":250,"caption":"Silvia Juan Grancha"},"image":{"@id":"https:\/\/miroalv.com\/#\/schema\/logo\/image\/"}}]}},"_links":{"self":[{"href":"https:\/\/miroalv.com\/en\/wp-json\/wp\/v2\/pages\/21","targetHints":{"allow":["GET"]}}],"collection":[{"href":"https:\/\/miroalv.com\/en\/wp-json\/wp\/v2\/pages"}],"about":[{"href":"https:\/\/miroalv.com\/en\/wp-json\/wp\/v2\/types\/page"}],"author":[{"embeddable":true,"href":"https:\/\/miroalv.com\/en\/wp-json\/wp\/v2\/users\/1"}],"replies":[{"embeddable":true,"href":"https:\/\/miroalv.com\/en\/wp-json\/wp\/v2\/comments?post=21"}],"version-history":[{"count":24,"href":"https:\/\/miroalv.com\/en\/wp-json\/wp\/v2\/pages\/21\/revisions"}],"predecessor-version":[{"id":249,"href":"https:\/\/miroalv.com\/en\/wp-json\/wp\/v2\/pages\/21\/revisions\/249"}],"wp:featuredmedia":[{"embeddable":true,"href":"https:\/\/miroalv.com\/en\/wp-json\/wp\/v2\/media\/83"}],"wp:attachment":[{"href":"https:\/\/miroalv.com\/en\/wp-json\/wp\/v2\/media?parent=21"}],"curies":[{"name":"wp","href":"https:\/\/api.w.org\/{rel}","templated":true}]}}