{"id":23,"date":"2024-10-30T09:39:06","date_gmt":"2024-10-30T09:39:06","guid":{"rendered":"https:\/\/miroalv.com\/?page_id=23"},"modified":"2024-12-02T12:21:40","modified_gmt":"2024-12-02T12:21:40","slug":"contacto","status":"publish","type":"page","link":"https:\/\/miroalv.com\/en\/contacto\/","title":{"rendered":"Contacto"},"content":{"rendered":"<div data-elementor-type=\"wp-page\" data-elementor-id=\"23\" class=\"elementor elementor-23\" data-elementor-post-type=\"page\">\n\t\t\t\t\t\t<section class=\"elementor-section elementor-top-section elementor-element elementor-element-29ce23bb elementor-section-height-min-height elementor-section-boxed elementor-section-height-default elementor-section-items-middle\" data-id=\"29ce23bb\" data-element_type=\"section\" data-settings=\"{&quot;background_background&quot;:&quot;classic&quot;}\">\n\t\t\t\t\t\t\t<div class=\"elementor-background-overlay\"><\/div>\n\t\t\t\t\t\t\t<div class=\"elementor-container elementor-column-gap-default\">\n\t\t\t\t\t<div class=\"elementor-column elementor-col-100 elementor-top-column elementor-element elementor-element-447ea33d\" data-id=\"447ea33d\" data-element_type=\"column\">\n\t\t\t<div class=\"elementor-widget-wrap elementor-element-populated\">\n\t\t\t\t\t\t<div class=\"elementor-element elementor-element-2f80a7e7 elementor-widget elementor-widget-heading\" data-id=\"2f80a7e7\" data-element_type=\"widget\" data-widget_type=\"heading.default\">\n\t\t\t\t<div class=\"elementor-widget-container\">\n\t\t\t\t\t<h1 class=\"elementor-heading-title elementor-size-default\">CONTACTO<\/h1>\t\t\t\t<\/div>\n\t\t\t\t<\/div>\n\t\t\t\t<div class=\"elementor-element elementor-element-6a887f47 elementor-widget elementor-widget-heading\" data-id=\"6a887f47\" data-element_type=\"widget\" data-widget_type=\"heading.default\">\n\t\t\t\t<div class=\"elementor-widget-container\">\n\t\t\t\t\t<h5 class=\"elementor-heading-title elementor-size-default\">Soluciones tecnol\u00f3gicas<\/h5>\t\t\t\t<\/div>\n\t\t\t\t<\/div>\n\t\t\t\t\t<\/div>\n\t\t<\/div>\n\t\t\t\t\t<\/div>\n\t\t<\/section>\n\t\t\t\t<section class=\"elementor-section elementor-top-section elementor-element elementor-element-7b614acf elementor-section-boxed elementor-section-height-default elementor-section-height-default\" data-id=\"7b614acf\" data-element_type=\"section\" data-settings=\"{&quot;background_background&quot;:&quot;classic&quot;}\">\n\t\t\t\t\t\t<div class=\"elementor-container elementor-column-gap-no\">\n\t\t\t\t\t<div class=\"elementor-column elementor-col-100 elementor-top-column elementor-element elementor-element-4774482a\" data-id=\"4774482a\" data-element_type=\"column\">\n\t\t\t<div class=\"elementor-widget-wrap elementor-element-populated\">\n\t\t\t\t\t\t<section class=\"elementor-section elementor-inner-section elementor-element elementor-element-6dedb8f1 elementor-section-boxed elementor-section-height-default elementor-section-height-default\" data-id=\"6dedb8f1\" data-element_type=\"section\">\n\t\t\t\t\t\t<div class=\"elementor-container elementor-column-gap-no\">\n\t\t\t\t\t<div class=\"elementor-column elementor-col-33 elementor-inner-column elementor-element elementor-element-11a1779e elementor-invisible\" data-id=\"11a1779e\" data-element_type=\"column\" data-settings=\"{&quot;background_background&quot;:&quot;classic&quot;,&quot;animation&quot;:&quot;fadeInUp&quot;}\">\n\t\t\t<div class=\"elementor-widget-wrap elementor-element-populated\">\n\t\t\t\t\t\t<div class=\"elementor-element elementor-element-6eb59d3c elementor-widget elementor-widget-heading\" data-id=\"6eb59d3c\" data-element_type=\"widget\" data-widget_type=\"heading.default\">\n\t\t\t\t<div class=\"elementor-widget-container\">\n\t\t\t\t\t<h2 class=\"elementor-heading-title elementor-size-default\">Tel\u00e9fono<\/h2>\t\t\t\t<\/div>\n\t\t\t\t<\/div>\n\t\t\t\t<div class=\"elementor-element elementor-element-3ec77f2a elementor-widget elementor-widget-text-editor\" data-id=\"3ec77f2a\" data-element_type=\"widget\" data-widget_type=\"text-editor.default\">\n\t\t\t\t<div class=\"elementor-widget-container\">\n\t\t\t\t\t\t\t\t\t<p>656 768 567<\/p>\t\t\t\t\t\t\t\t<\/div>\n\t\t\t\t<\/div>\n\t\t\t\t<div class=\"elementor-element elementor-element-9f77c43 elementor-widget elementor-widget-button\" data-id=\"9f77c43\" data-element_type=\"widget\" data-widget_type=\"button.default\">\n\t\t\t\t<div class=\"elementor-widget-container\">\n\t\t\t\t\t\t\t\t\t<div class=\"elementor-button-wrapper\">\n\t\t\t\t\t<a class=\"elementor-button elementor-button-link elementor-size-sm elementor-animation-shrink\" href=\"tel:%20+34%20656768567\">\n\t\t\t\t\t\t<span class=\"elementor-button-content-wrapper\">\n\t\t\t\t\t\t<span class=\"elementor-button-icon\">\n\t\t\t\t<svg aria-hidden=\"true\" class=\"e-font-icon-svg e-fas-external-link-alt\" viewbox=\"0 0 512 512\" xmlns=\"http:\/\/www.w3.org\/2000\/svg\"><path d=\"M432,320H400a16,16,0,0,0-16,16V448H64V128H208a16,16,0,0,0,16-16V80a16,16,0,0,0-16-16H48A48,48,0,0,0,0,112V464a48,48,0,0,0,48,48H400a48,48,0,0,0,48-48V336A16,16,0,0,0,432,320ZM488,0h-128c-21.37,0-32.05,25.91-17,41l35.73,35.73L135,320.37a24,24,0,0,0,0,34L157.67,377a24,24,0,0,0,34,0L435.28,133.32,471,169c15,15,41,4.5,41-17V24A24,24,0,0,0,488,0Z\"><\/path><\/svg>\t\t\t<\/span>\n\t\t\t\t\t\t\t\t\t<span class=\"elementor-button-text\">Llamar<\/span>\n\t\t\t\t\t<\/span>\n\t\t\t\t\t<\/a>\n\t\t\t\t<\/div>\n\t\t\t\t\t\t\t\t<\/div>\n\t\t\t\t<\/div>\n\t\t\t\t\t<\/div>\n\t\t<\/div>\n\t\t\t\t<div class=\"elementor-column elementor-col-33 elementor-inner-column elementor-element elementor-element-42ebd837 elementor-invisible\" data-id=\"42ebd837\" data-element_type=\"column\" data-settings=\"{&quot;background_background&quot;:&quot;classic&quot;,&quot;animation&quot;:&quot;fadeInUp&quot;,&quot;animation_delay&quot;:400}\">\n\t\t\t<div class=\"elementor-widget-wrap elementor-element-populated\">\n\t\t\t\t\t<div class=\"elementor-background-overlay\"><\/div>\n\t\t\t\t\t\t<div class=\"elementor-element elementor-element-65278f85 elementor-widget elementor-widget-heading\" data-id=\"65278f85\" data-element_type=\"widget\" data-widget_type=\"heading.default\">\n\t\t\t\t<div class=\"elementor-widget-container\">\n\t\t\t\t\t<h2 class=\"elementor-heading-title elementor-size-default\">Email<\/h2>\t\t\t\t<\/div>\n\t\t\t\t<\/div>\n\t\t\t\t<div class=\"elementor-element elementor-element-6f03e5de elementor-widget elementor-widget-text-editor\" data-id=\"6f03e5de\" data-element_type=\"widget\" data-widget_type=\"text-editor.default\">\n\t\t\t\t<div class=\"elementor-widget-container\">\n\t\t\t\t\t\t\t\t\t<div class=\"cXedhc\"><div>info@miroalv.com<\/div><\/div>\t\t\t\t\t\t\t\t<\/div>\n\t\t\t\t<\/div>\n\t\t\t\t\t<\/div>\n\t\t<\/div>\n\t\t\t\t<div class=\"elementor-column elementor-col-33 elementor-inner-column elementor-element elementor-element-6ac07f4e elementor-invisible\" data-id=\"6ac07f4e\" data-element_type=\"column\" data-settings=\"{&quot;background_background&quot;:&quot;classic&quot;,&quot;animation&quot;:&quot;fadeInUp&quot;,&quot;animation_delay&quot;:600}\">\n\t\t\t<div class=\"elementor-widget-wrap elementor-element-populated\">\n\t\t\t\t\t<div class=\"elementor-background-overlay\"><\/div>\n\t\t\t\t\t\t<div class=\"elementor-element elementor-element-60b073eb elementor-widget elementor-widget-heading\" data-id=\"60b073eb\" data-element_type=\"widget\" data-widget_type=\"heading.default\">\n\t\t\t\t<div class=\"elementor-widget-container\">\n\t\t\t\t\t<h2 class=\"elementor-heading-title elementor-size-default\">Donde estamos<\/h2>\t\t\t\t<\/div>\n\t\t\t\t<\/div>\n\t\t\t\t<div class=\"elementor-element elementor-element-69779168 elementor-widget elementor-widget-text-editor\" data-id=\"69779168\" data-element_type=\"widget\" data-widget_type=\"text-editor.default\">\n\t\t\t\t<div class=\"elementor-widget-container\">\n\t\t\t\t\t\t\t\t\t<p>Barcelona<\/p>\t\t\t\t\t\t\t\t<\/div>\n\t\t\t\t<\/div>\n\t\t\t\t\t<\/div>\n\t\t<\/div>\n\t\t\t\t\t<\/div>\n\t\t<\/section>\n\t\t\t\t\t<\/div>\n\t\t<\/div>\n\t\t\t\t\t<\/div>\n\t\t<\/section>\n\t\t\t\t<\/div>","protected":false},"excerpt":{"rendered":"<p>CONTACTO Soluciones tecnol\u00f3gicas Tel\u00e9fono 656 768 567 Llamar Email info@miroalv.com Donde estamos Barcelona<\/p>","protected":false},"author":1,"featured_media":52,"parent":0,"menu_order":0,"comment_status":"closed","ping_status":"closed","template":"","meta":{"footnotes":""},"class_list":["post-23","page","type-page","status-publish","has-post-thumbnail"],"yoast_head":"<!-- This site is optimized with the Yoast SEO plugin v23.8 - https:\/\/yoast.com\/wordpress\/plugins\/seo\/ -->\n<title>Contacto - Miro Soluciones<\/title>\n<meta name=\"description\" content=\"\u00bfTienes dudas o necesitas m\u00e1s informaci\u00f3n? Cont\u00e1ctanos para conocer c\u00f3mo podemos ayudarte con tus avisos y distribuci\u00f3n publicitaria profesional\" \/>\n<meta name=\"robots\" content=\"index, follow, max-snippet:-1, max-image-preview:large, max-video-preview:-1\" \/>\n<link rel=\"canonical\" href=\"https:\/\/miroalv.com\/en\/contacto\/\" \/>\n<meta property=\"og:locale\" content=\"en_GB\" \/>\n<meta property=\"og:type\" content=\"article\" \/>\n<meta property=\"og:title\" content=\"Contacto - Miro Soluciones\" \/>\n<meta property=\"og:description\" content=\"\u00bfTienes dudas o necesitas m\u00e1s informaci\u00f3n? Cont\u00e1ctanos para conocer c\u00f3mo podemos ayudarte con tus avisos y distribuci\u00f3n publicitaria profesional\" \/>\n<meta property=\"og:url\" content=\"https:\/\/miroalv.com\/en\/contacto\/\" \/>\n<meta property=\"og:site_name\" content=\"Miro Soluciones\" \/>\n<meta property=\"article:modified_time\" content=\"2024-12-02T12:21:40+00:00\" \/>\n<meta property=\"og:image\" content=\"https:\/\/miroalv.com\/wp-content\/uploads\/2024\/11\/logom2009_orange-e1731695763752.png\" \/>\n\t<meta property=\"og:image:width\" content=\"500\" \/>\n\t<meta property=\"og:image:height\" content=\"250\" \/>\n\t<meta property=\"og:image:type\" content=\"image\/png\" \/>\n<meta name=\"twitter:card\" content=\"summary_large_image\" \/>\n<meta name=\"twitter:label1\" content=\"Estimated reading time\" \/>\n\t<meta name=\"twitter:data1\" content=\"1 minute\" \/>\n<script type=\"application\/ld+json\" class=\"yoast-schema-graph\">{\"@context\":\"https:\/\/schema.org\",\"@graph\":[{\"@type\":\"WebPage\",\"@id\":\"https:\/\/miroalv.com\/contacto\/\",\"url\":\"https:\/\/miroalv.com\/contacto\/\",\"name\":\"Contacto - Miro Soluciones\",\"isPartOf\":{\"@id\":\"https:\/\/miroalv.com\/#website\"},\"primaryImageOfPage\":{\"@id\":\"https:\/\/miroalv.com\/contacto\/#primaryimage\"},\"image\":{\"@id\":\"https:\/\/miroalv.com\/contacto\/#primaryimage\"},\"thumbnailUrl\":\"https:\/\/miroalv.com\/wp-content\/uploads\/2024\/11\/logom2009_orange-e1731695763752.png\",\"datePublished\":\"2024-10-30T09:39:06+00:00\",\"dateModified\":\"2024-12-02T12:21:40+00:00\",\"description\":\"\u00bfTienes dudas o necesitas m\u00e1s informaci\u00f3n? Cont\u00e1ctanos para conocer c\u00f3mo podemos ayudarte con tus avisos y distribuci\u00f3n publicitaria profesional\",\"breadcrumb\":{\"@id\":\"https:\/\/miroalv.com\/contacto\/#breadcrumb\"},\"inLanguage\":\"en-GB\",\"potentialAction\":[{\"@type\":\"ReadAction\",\"target\":[\"https:\/\/miroalv.com\/contacto\/\"]}]},{\"@type\":\"ImageObject\",\"inLanguage\":\"en-GB\",\"@id\":\"https:\/\/miroalv.com\/contacto\/#primaryimage\",\"url\":\"https:\/\/miroalv.com\/wp-content\/uploads\/2024\/11\/logom2009_orange-e1731695763752.png\",\"contentUrl\":\"https:\/\/miroalv.com\/wp-content\/uploads\/2024\/11\/logom2009_orange-e1731695763752.png\",\"width\":500,\"height\":250},{\"@type\":\"BreadcrumbList\",\"@id\":\"https:\/\/miroalv.com\/contacto\/#breadcrumb\",\"itemListElement\":[{\"@type\":\"ListItem\",\"position\":1,\"name\":\"Portada\",\"item\":\"https:\/\/miroalv.com\/\"},{\"@type\":\"ListItem\",\"position\":2,\"name\":\"Contacto\"}]},{\"@type\":\"WebSite\",\"@id\":\"https:\/\/miroalv.com\/#website\",\"url\":\"https:\/\/miroalv.com\/\",\"name\":\"Miro Soluciones\",\"description\":\"\",\"publisher\":{\"@id\":\"https:\/\/miroalv.com\/#organization\"},\"alternateName\":\"m2009\",\"potentialAction\":[{\"@type\":\"SearchAction\",\"target\":{\"@type\":\"EntryPoint\",\"urlTemplate\":\"https:\/\/miroalv.com\/?s={search_term_string}\"},\"query-input\":{\"@type\":\"PropertyValueSpecification\",\"valueRequired\":true,\"valueName\":\"search_term_string\"}}],\"inLanguage\":\"en-GB\"},{\"@type\":\"Organization\",\"@id\":\"https:\/\/miroalv.com\/#organization\",\"name\":\"Silvia Juan Grancha\",\"url\":\"https:\/\/miroalv.com\/\",\"logo\":{\"@type\":\"ImageObject\",\"inLanguage\":\"en-GB\",\"@id\":\"https:\/\/miroalv.com\/#\/schema\/logo\/image\/\",\"url\":\"https:\/\/miroalv.com\/wp-content\/uploads\/2024\/11\/logom2009_orange-e1731695763752.png\",\"contentUrl\":\"https:\/\/miroalv.com\/wp-content\/uploads\/2024\/11\/logom2009_orange-e1731695763752.png\",\"width\":500,\"height\":250,\"caption\":\"Silvia Juan Grancha\"},\"image\":{\"@id\":\"https:\/\/miroalv.com\/#\/schema\/logo\/image\/\"}}]}<\/script>\n<!-- \/ Yoast SEO plugin. -->","yoast_head_json":{"title":"Contacto - Miro Soluciones","description":"\u00bfTienes dudas o necesitas m\u00e1s informaci\u00f3n? Cont\u00e1ctanos para conocer c\u00f3mo podemos ayudarte con tus avisos y distribuci\u00f3n publicitaria profesional","robots":{"index":"index","follow":"follow","max-snippet":"max-snippet:-1","max-image-preview":"max-image-preview:large","max-video-preview":"max-video-preview:-1"},"canonical":"https:\/\/miroalv.com\/en\/contacto\/","og_locale":"en_GB","og_type":"article","og_title":"Contacto - Miro Soluciones","og_description":"\u00bfTienes dudas o necesitas m\u00e1s informaci\u00f3n? Cont\u00e1ctanos para conocer c\u00f3mo podemos ayudarte con tus avisos y distribuci\u00f3n publicitaria profesional","og_url":"https:\/\/miroalv.com\/en\/contacto\/","og_site_name":"Miro Soluciones","article_modified_time":"2024-12-02T12:21:40+00:00","og_image":[{"width":500,"height":250,"url":"https:\/\/miroalv.com\/wp-content\/uploads\/2024\/11\/logom2009_orange-e1731695763752.png","type":"image\/png"}],"twitter_card":"summary_large_image","twitter_misc":{"Estimated reading time":"1 minute"},"schema":{"@context":"https:\/\/schema.org","@graph":[{"@type":"WebPage","@id":"https:\/\/miroalv.com\/contacto\/","url":"https:\/\/miroalv.com\/contacto\/","name":"Contacto - Miro Soluciones","isPartOf":{"@id":"https:\/\/miroalv.com\/#website"},"primaryImageOfPage":{"@id":"https:\/\/miroalv.com\/contacto\/#primaryimage"},"image":{"@id":"https:\/\/miroalv.com\/contacto\/#primaryimage"},"thumbnailUrl":"https:\/\/miroalv.com\/wp-content\/uploads\/2024\/11\/logom2009_orange-e1731695763752.png","datePublished":"2024-10-30T09:39:06+00:00","dateModified":"2024-12-02T12:21:40+00:00","description":"\u00bfTienes dudas o necesitas m\u00e1s informaci\u00f3n? Cont\u00e1ctanos para conocer c\u00f3mo podemos ayudarte con tus avisos y distribuci\u00f3n publicitaria profesional","breadcrumb":{"@id":"https:\/\/miroalv.com\/contacto\/#breadcrumb"},"inLanguage":"en-GB","potentialAction":[{"@type":"ReadAction","target":["https:\/\/miroalv.com\/contacto\/"]}]},{"@type":"ImageObject","inLanguage":"en-GB","@id":"https:\/\/miroalv.com\/contacto\/#primaryimage","url":"https:\/\/miroalv.com\/wp-content\/uploads\/2024\/11\/logom2009_orange-e1731695763752.png","contentUrl":"https:\/\/miroalv.com\/wp-content\/uploads\/2024\/11\/logom2009_orange-e1731695763752.png","width":500,"height":250},{"@type":"BreadcrumbList","@id":"https:\/\/miroalv.com\/contacto\/#breadcrumb","itemListElement":[{"@type":"ListItem","position":1,"name":"Portada","item":"https:\/\/miroalv.com\/"},{"@type":"ListItem","position":2,"name":"Contacto"}]},{"@type":"WebSite","@id":"https:\/\/miroalv.com\/#website","url":"https:\/\/miroalv.com\/","name":"Miro Soluciones","description":"","publisher":{"@id":"https:\/\/miroalv.com\/#organization"},"alternateName":"m2009","potentialAction":[{"@type":"SearchAction","target":{"@type":"EntryPoint","urlTemplate":"https:\/\/miroalv.com\/?s={search_term_string}"},"query-input":{"@type":"PropertyValueSpecification","valueRequired":true,"valueName":"search_term_string"}}],"inLanguage":"en-GB"},{"@type":"Organization","@id":"https:\/\/miroalv.com\/#organization","name":"Silvia Juan Grancha","url":"https:\/\/miroalv.com\/","logo":{"@type":"ImageObject","inLanguage":"en-GB","@id":"https:\/\/miroalv.com\/#\/schema\/logo\/image\/","url":"https:\/\/miroalv.com\/wp-content\/uploads\/2024\/11\/logom2009_orange-e1731695763752.png","contentUrl":"https:\/\/miroalv.com\/wp-content\/uploads\/2024\/11\/logom2009_orange-e1731695763752.png","width":500,"height":250,"caption":"Silvia Juan Grancha"},"image":{"@id":"https:\/\/miroalv.com\/#\/schema\/logo\/image\/"}}]}},"_links":{"self":[{"href":"https:\/\/miroalv.com\/en\/wp-json\/wp\/v2\/pages\/23","targetHints":{"allow":["GET"]}}],"collection":[{"href":"https:\/\/miroalv.com\/en\/wp-json\/wp\/v2\/pages"}],"about":[{"href":"https:\/\/miroalv.com\/en\/wp-json\/wp\/v2\/types\/page"}],"author":[{"embeddable":true,"href":"https:\/\/miroalv.com\/en\/wp-json\/wp\/v2\/users\/1"}],"replies":[{"embeddable":true,"href":"https:\/\/miroalv.com\/en\/wp-json\/wp\/v2\/comments?post=23"}],"version-history":[{"count":34,"href":"https:\/\/miroalv.com\/en\/wp-json\/wp\/v2\/pages\/23\/revisions"}],"predecessor-version":[{"id":239,"href":"https:\/\/miroalv.com\/en\/wp-json\/wp\/v2\/pages\/23\/revisions\/239"}],"wp:featuredmedia":[{"embeddable":true,"href":"https:\/\/miroalv.com\/en\/wp-json\/wp\/v2\/media\/52"}],"wp:attachment":[{"href":"https:\/\/miroalv.com\/en\/wp-json\/wp\/v2\/media?parent=23"}],"curies":[{"name":"wp","href":"https:\/\/api.w.org\/{rel}","templated":true}]}}